{"id":408,"date":"2022-09-01T00:53:05","date_gmt":"2022-09-01T05:53:05","guid":{"rendered":"https:\/\/pinup-peru.online\/?page_id=408"},"modified":"2022-11-02T03:50:00","modified_gmt":"2022-11-02T08:50:00","slug":"aviator","status":"publish","type":"page","link":"https:\/\/pin-up-online-casino.pe\/pt-br\/aviator\/","title":{"rendered":"Aviador \u1408 Onde jogar Aviador"},"content":{"rendered":"\n<h2 class=\"wp-block-heading\">Vantagens de jogar Aviator<\/h2>\n\n\n\n<p>Para apreciar todas as vantagens, \u00e9 preciso primeiro entender como Aviator \u00e9 jogado. Como j\u00e1 mencionado, todo o processo \u00e9 baseado no v\u00f4o do avi\u00e3o \u00e0 medida que ele se move atrav\u00e9s da tela e ao mesmo tempo a curva cresce, o que afeta diretamente as probabilidades. Quanto mais longo o v\u00f4o do &#8220;protagonista&#8221; do jogo, mais triunfante \u00e9 a vit\u00f3ria. Por exemplo, voc\u00ea apostou uma certa quantia de dinheiro e decidiu retir\u00e1-la quando as probabilidades em seu monitor eram de 2,00. Parab\u00e9ns, a aposta original voltou com o dobro dos ganhos. Entretanto, \u00e9 importante pressionar o bot\u00e3o &#8220;Cash Out&#8221; antes que o transporte voe por conta pr\u00f3pria.<\/p>\n\n\n\n<figure class=\"wp-block-image size-large\"><img decoding=\"async\" loading=\"lazy\" width=\"1024\" height=\"463\" src=\"https:\/\/pin-up-online-casino.pe\/wp-content\/uploads\/2022\/09\/aviator1-1024x463.jpg\" alt=\"pin up aviador\" class=\"wp-image-392\" srcset=\"https:\/\/pin-up-online-casino.pe\/wp-content\/uploads\/2022\/09\/aviator1-1024x463.jpg 1024w, https:\/\/pin-up-online-casino.pe\/wp-content\/uploads\/2022\/09\/aviator1-300x136.jpg 300w, https:\/\/pin-up-online-casino.pe\/wp-content\/uploads\/2022\/09\/aviator1-768x347.jpg 768w, https:\/\/pin-up-online-casino.pe\/wp-content\/uploads\/2022\/09\/aviator1.jpg 1499w\" sizes=\"(max-width: 1024px) 100vw, 1024px\" \/><figcaption>pin up aviador<\/figcaption><\/figure>\n\n\n\n<p>Jogabilidade n\u00e3o convencional \u00e9 a principal vantagem do slot Aviator. A intriga \u00e9 mantida viva durante todo o v\u00f4o, que pode parar \u00e0s 1.00 e 1.000 chances. As altas chances de ganhar dinheiro fazem da Aviator um dos jogos mais gratificantes para o usu\u00e1rio.<\/p>\n\n\n\n<p>Outra coisa boa sobre Aviator \u00e9 que os usu\u00e1rios n\u00e3o se sentam sozinhos \u00e0 mesa. \u00c9 divertido para v\u00e1rios jogadores com uma sala de bate-papo especial onde voc\u00ea pode conversar e melhorar suas pr\u00f3prias habilidades sociais. Aqui, um jogador experiente pode aconselhar um jogador mais verde sobre estrat\u00e9gias vencedoras. Isto \u00e9 feito sem mal\u00edcia, j\u00e1 que n\u00e3o h\u00e1 rivalidade entre os usu\u00e1rios, como, por exemplo, no p\u00f4quer. Todos fazem suas pr\u00f3prias apostas e podem retir\u00e1-las a qualquer momento, independentemente das outras pessoas na mesa.<\/p>\n\n\n\n<p>O slot Aviator da Sky Sky segue todos os padr\u00f5es e caracter\u00edsticas modernas:<\/p>\n\n\n\n<ul><li>Ajuste de som,<\/li><li>Ajuste a m\u00fasica,<\/li><li>Ativar ou desativar as anima\u00e7\u00f5es,<\/li><li>b\u00f4nus betas,<\/li><li>configura\u00e7\u00f5es,<\/li><li>regras do jogo,<\/li><li>suas apostas,<\/li><li>limites do jogo!<\/li><li>Do lado positivo, \u00e9 claro, o fornecedor compila estat\u00edsticas que todos podem ver. Para isso, basta olhar para a caixa no topo da tela, que mostra as chances de vencer nas \u00faltimas quinze rodadas.<\/li><\/ul>\n\n\n\n<h2 class=\"wp-block-heading\">Estrat\u00e9gia para o jogo Aviator<\/h2>\n\n\n\n<p>Apesar da aparente simplicidade do processo, o jogo Aviator \u00e9 um verdadeiro deleite para qualquer um que goste de construir seus pr\u00f3prios esquemas vencedores. Todos podem elaborar uma receita individual de enriquecimento, mas existem esquemas experimentados e testados que gostar\u00edamos de compartilhar.<\/p>\n\n\n\n<ol><li>Se voc\u00ea n\u00e3o tem vontade de esperar, mas precisa ganhar dinheiro rapidamente, esta op\u00e7\u00e3o \u00e9 para voc\u00ea: aposte dentro de uma faixa m\u00ednima limitada. Recomendamos que voc\u00ea considere as probabilidades entre 1,1 e 1,4 como um limite. A experi\u00eancia tem mostrado que, na maioria dos casos, o avi\u00e3o acabar\u00e1 nesta faixa.<\/li><li>A segunda estrat\u00e9gia \u00e9 utilizada por jogadores mais experientes. V\u00e1 para as estat\u00edsticas, o hist\u00f3rico das apostas e encontre as \u00faltimas probabilidades de 100+. Acrescente 1 hora ao tempo desse resultado e recolha duas apostas simultaneamente. A primeira deve ser de 35-40 chances e a segunda de 100. A l\u00f3gica por tr\u00e1s destas a\u00e7\u00f5es \u00e9 simples. O simulador \u00e9 uma seq\u00fc\u00eancia de algoritmos, e as incr\u00edveis chances de 100 cair\u00e3o uma vez em 1-1,5 horas. Talvez sua expectativa matem\u00e1tica lhe permita obter um lucrativo b\u00f4nus em dinheiro.<\/li><li>Outra abordagem matem\u00e1tica. Voc\u00ea pode apostar um montante de 1% do seu saldo atual. Voc\u00ea ter\u00e1 que esperar at\u00e9 que o ar atinja as probabilidades de 1,5, e depois clicar em &#8220;Cash Out&#8221;. Se voc\u00ea n\u00e3o ganhar, a pr\u00f3xima aposta deve ser aumentada pelo valor que voc\u00ea perdeu.<\/li><li>O \u00faltimo segredo \u00e9 esperar at\u00e9 que a s\u00e9rie com chances de 1,0-1,8 seja repetida dez vezes seguidas &#8211; s\u00f3 ent\u00e3o voc\u00ea deve fazer duas apostas com o mesmo valor e fechar na faixa de 5-15!<\/li><li>Entretanto, \u00e9 importante entender que online ningu\u00e9m, nem mesmo a estrat\u00e9gia mais bem sucedida, pode garantir um resultado moment\u00e2neo. Em um dia ruim, voc\u00ea pode ouvir o motor rugir o dia todo e sair com um ponto negativo, enquanto no dia seguinte \u00e9 preciso apenas uma aposta para acertar o jackpot.<\/li><\/ol>\n\n\n\n<h2 class=\"wp-block-heading\">Jogos de azar autom\u00e1ticos e apostas ao vivo<\/h2>\n\n\n\n<p>Os usu\u00e1rios podem executar o slot machine Aviator em modo autom\u00e1tico. Nesta situa\u00e7\u00e3o, o jogo est\u00e1 total ou parcialmente sob o controle do computador. Isto \u00e9 feito no menu de apostas, onde h\u00e1 um controle deslizante &#8220;Auto&#8221;. Mude para ela e sua excita\u00e7\u00e3o \u00e9 controlada pela intelig\u00eancia artificial. Muitos jogadores usam este modo para fazer estrat\u00e9gias inteligentes quando \u00e9 preciso muito tempo para chegar aos n\u00fameros pretos.<\/p>\n\n\n\n<figure class=\"wp-block-image size-large\"><img decoding=\"async\" loading=\"lazy\" width=\"1024\" height=\"401\" src=\"https:\/\/pin-up-online-casino.pe\/wp-content\/uploads\/2022\/09\/aviator2-1024x401.jpg\" alt=\"pin up aviador\" class=\"wp-image-394\" srcset=\"https:\/\/pin-up-online-casino.pe\/wp-content\/uploads\/2022\/09\/aviator2-1024x401.jpg 1024w, https:\/\/pin-up-online-casino.pe\/wp-content\/uploads\/2022\/09\/aviator2-300x117.jpg 300w, https:\/\/pin-up-online-casino.pe\/wp-content\/uploads\/2022\/09\/aviator2-768x300.jpg 768w, https:\/\/pin-up-online-casino.pe\/wp-content\/uploads\/2022\/09\/aviator2-1536x601.jpg 1536w, https:\/\/pin-up-online-casino.pe\/wp-content\/uploads\/2022\/09\/aviator2.jpg 1917w\" sizes=\"(max-width: 1024px) 100vw, 1024px\" \/><figcaption>pin up aviador<\/figcaption><\/figure>\n\n\n\n<p>Ent\u00e3o o que exatamente o computador controla quando as r\u00e9deas s\u00e3o transferidas para seus chips? Com o modo autom\u00e1tico do Aviador, tudo pode ser ajustado \u00e0s suas pr\u00f3prias prefer\u00eancias. A \u00fanica coisa exigida do jogador \u00e9 a quantia que ele ou ela est\u00e1 disposto a cobrar. Se voc\u00ea ativar o controle deslizante &#8220;autoplay&#8221;, a intelig\u00eancia artificial participar\u00e1 de cada v\u00f4o do avi\u00e3o e n\u00e3o perder\u00e1 uma \u00fanica rodada. Desativando esta op\u00e7\u00e3o, \u00e9 poss\u00edvel esperar que a corrida vencedora aconte\u00e7a por si s\u00f3.<\/p>\n\n\n\n<p>O recurso de pagamento autom\u00e1tico permite controlar quando voc\u00ea deve retirar sua aposta. \u00c9 bastante simples. Se voc\u00ea ativar esta fun\u00e7\u00e3o e fizer uma aposta de, por exemplo, 1,50, o computador calcula automaticamente a aposta, a menos, \u00e9 claro, que o avi\u00e3o comece a cair mais cedo.<\/p>\n\n\n\n<p>Como o usu\u00e1rio tem at\u00e9 2 campos de jogo, todas as opera\u00e7\u00f5es id\u00eanticas podem ser realizadas com o segundo campo. Digamos que voc\u00ea controla o primeiro e confia o segundo campo ao computador, que ir\u00e1 emitir todos os seus ganhos em uma faixa configur\u00e1vel. Esta funcionalidade \u00e9 muito vantajosa para a constru\u00e7\u00e3o de estrat\u00e9gias \u00fanicas.<\/p>\n\n\n\n<p>No modo ao vivo, voc\u00ea pode jogar Aviator de gra\u00e7a. Para isso foi criada uma vers\u00e3o demo, onde voc\u00ea pode ter sua primeira experi\u00eancia e simplesmente melhorar suas pr\u00f3prias habilidades. Em Live voc\u00ea pode verificar rapidamente o lobby, pois as estat\u00edsticas do lado esquerdo mostram os outros jogadores, suas apostas, chances e ganhos. Com este recurso voc\u00ea pode n\u00e3o s\u00f3 verificar a justi\u00e7a da m\u00e1quina, mas tamb\u00e9m pode reunir informa\u00e7\u00f5es que podem ser usadas em apostas futuras. Tamb\u00e9m est\u00e1 presente a j\u00e1 mencionada sala de bate-papo, que est\u00e1 em constante zumbido com a comunica\u00e7\u00e3o do jogador.<\/p>\n","protected":false},"excerpt":{"rendered":"<p>Vantagens de jogar Aviator Para apreciar todas as vantagens, \u00e9 preciso primeiro entender como Aviator \u00e9 jogado. Como j\u00e1 mencionado, todo o processo \u00e9 baseado no v\u00f4o do avi\u00e3o \u00e0 medida que ele se move atrav\u00e9s da tela e ao mesmo tempo a curva cresce, o que afeta diretamente as probabilidades. Quanto mais longo o [&hellip;]<\/p>\n","protected":false},"author":1,"featured_media":0,"parent":0,"menu_order":0,"comment_status":"open","ping_status":"closed","template":"","meta":{"footnotes":""},"yoast_head":"<!-- This site is optimized with the Yoast SEO plugin v19.5.1 - https:\/\/yoast.com\/wordpress\/plugins\/seo\/ -->\n<title>Aviador \u1408 Onde jogar Aviador \u1408 Pin Up Casino<\/title>\n<meta name=\"description\" content=\"Instru\u00e7\u00f5es sobre como come\u00e7ar a jogar na slot machine online Aviator do Pinup Casino. Como jogar o jogo de ca\u00e7a-n\u00edqueis on-line Aviator\" \/>\n<meta name=\"robots\" content=\"index, follow, max-snippet:-1, max-image-preview:large, max-video-preview:-1\" \/>\n<link rel=\"canonical\" href=\"https:\/\/pin-up-online-casino.pe\/pt-br\/aviator\/\" \/>\n<meta property=\"og:locale\" content=\"pt_BR\" \/>\n<meta property=\"og:type\" content=\"article\" \/>\n<meta property=\"og:title\" content=\"Aviador \u1408 Onde jogar Aviador \u1408 Pin Up Casino\" \/>\n<meta property=\"og:description\" content=\"Instru\u00e7\u00f5es sobre como come\u00e7ar a jogar na slot machine online Aviator do Pinup Casino. Como jogar o jogo de ca\u00e7a-n\u00edqueis on-line Aviator\" \/>\n<meta property=\"og:url\" content=\"https:\/\/pin-up-online-casino.pe\/pt-br\/aviator\/\" \/>\n<meta property=\"og:site_name\" content=\"Pin up casino\" \/>\n<meta property=\"article:modified_time\" content=\"2022-11-02T08:50:00+00:00\" \/>\n<meta property=\"og:image\" content=\"https:\/\/pin-up-online-casino.pe\/wp-content\/uploads\/2022\/09\/aviator1-1024x463.jpg\" \/>\n<meta name=\"twitter:card\" content=\"summary_large_image\" \/>\n<meta name=\"twitter:label1\" content=\"Est. tempo de leitura\" \/>\n\t<meta name=\"twitter:data1\" content=\"5 minutos\" \/>\n<!-- \/ Yoast SEO plugin. -->","yoast_head_json":{"title":"Aviador \u1408 Onde jogar Aviador \u1408 Pin Up Casino","description":"Instru\u00e7\u00f5es sobre como come\u00e7ar a jogar na slot machine online Aviator do Pinup Casino. Como jogar o jogo de ca\u00e7a-n\u00edqueis on-line Aviator","robots":{"index":"index","follow":"follow","max-snippet":"max-snippet:-1","max-image-preview":"max-image-preview:large","max-video-preview":"max-video-preview:-1"},"canonical":"https:\/\/pin-up-online-casino.pe\/pt-br\/aviator\/","og_locale":"pt_BR","og_type":"article","og_title":"Aviador \u1408 Onde jogar Aviador \u1408 Pin Up Casino","og_description":"Instru\u00e7\u00f5es sobre como come\u00e7ar a jogar na slot machine online Aviator do Pinup Casino. Como jogar o jogo de ca\u00e7a-n\u00edqueis on-line Aviator","og_url":"https:\/\/pin-up-online-casino.pe\/pt-br\/aviator\/","og_site_name":"Pin up casino","article_modified_time":"2022-11-02T08:50:00+00:00","og_image":[{"url":"https:\/\/pin-up-online-casino.pe\/wp-content\/uploads\/2022\/09\/aviator1-1024x463.jpg"}],"twitter_card":"summary_large_image","twitter_misc":{"Est. tempo de leitura":"5 minutos"},"schema":{"@context":"https:\/\/schema.org","@graph":[{"@type":"WebPage","@id":"https:\/\/pin-up-online-casino.pe\/pt-br\/aviator\/","url":"https:\/\/pin-up-online-casino.pe\/pt-br\/aviator\/","name":"Aviador \u1408 Onde jogar Aviador \u1408 Pin Up Casino","isPartOf":{"@id":"https:\/\/pin-up-online-casino.pe\/#website"},"datePublished":"2022-09-01T05:53:05+00:00","dateModified":"2022-11-02T08:50:00+00:00","description":"Instru\u00e7\u00f5es sobre como come\u00e7ar a jogar na slot machine online Aviator do Pinup Casino. Como jogar o jogo de ca\u00e7a-n\u00edqueis on-line Aviator","breadcrumb":{"@id":"https:\/\/pin-up-online-casino.pe\/pt-br\/aviator\/#breadcrumb"},"inLanguage":"pt-BR","potentialAction":[{"@type":"ReadAction","target":["https:\/\/pin-up-online-casino.pe\/pt-br\/aviator\/"]}]},{"@type":"BreadcrumbList","@id":"https:\/\/pin-up-online-casino.pe\/pt-br\/aviator\/#breadcrumb","itemListElement":[{"@type":"ListItem","position":1,"name":"Portada","item":"https:\/\/pin-up-online-casino.pe\/pt-br\/"},{"@type":"ListItem","position":2,"name":"Aviador \u1408 Onde jogar Aviador"}]},{"@type":"WebSite","@id":"https:\/\/pin-up-online-casino.pe\/#website","url":"https:\/\/pin-up-online-casino.pe\/","name":"Pin up casino","description":"","publisher":{"@id":"https:\/\/pin-up-online-casino.pe\/#organization"},"potentialAction":[{"@type":"SearchAction","target":{"@type":"EntryPoint","urlTemplate":"https:\/\/pin-up-online-casino.pe\/?s={search_term_string}"},"query-input":"required name=search_term_string"}],"inLanguage":"pt-BR"},{"@type":"Organization","@id":"https:\/\/pin-up-online-casino.pe\/#organization","name":"Pin up casino","url":"https:\/\/pin-up-online-casino.pe\/","sameAs":[],"logo":{"@type":"ImageObject","inLanguage":"pt-BR","@id":"https:\/\/pin-up-online-casino.pe\/#\/schema\/logo\/image\/","url":"https:\/\/pin-up-online-casino.pe\/wp-content\/uploads\/2022\/08\/pin-up-logo.png","contentUrl":"https:\/\/pin-up-online-casino.pe\/wp-content\/uploads\/2022\/08\/pin-up-logo.png","width":320,"height":124,"caption":"Pin up casino"},"image":{"@id":"https:\/\/pin-up-online-casino.pe\/#\/schema\/logo\/image\/"}}]}},"_links":{"self":[{"href":"https:\/\/pin-up-online-casino.pe\/pt-br\/wp-json\/wp\/v2\/pages\/408"}],"collection":[{"href":"https:\/\/pin-up-online-casino.pe\/pt-br\/wp-json\/wp\/v2\/pages"}],"about":[{"href":"https:\/\/pin-up-online-casino.pe\/pt-br\/wp-json\/wp\/v2\/types\/page"}],"author":[{"embeddable":true,"href":"https:\/\/pin-up-online-casino.pe\/pt-br\/wp-json\/wp\/v2\/users\/1"}],"replies":[{"embeddable":true,"href":"https:\/\/pin-up-online-casino.pe\/pt-br\/wp-json\/wp\/v2\/comments?post=408"}],"version-history":[{"count":4,"href":"https:\/\/pin-up-online-casino.pe\/pt-br\/wp-json\/wp\/v2\/pages\/408\/revisions"}],"predecessor-version":[{"id":414,"href":"https:\/\/pin-up-online-casino.pe\/pt-br\/wp-json\/wp\/v2\/pages\/408\/revisions\/414"}],"wp:attachment":[{"href":"https:\/\/pin-up-online-casino.pe\/pt-br\/wp-json\/wp\/v2\/media?parent=408"}],"curies":[{"name":"wp","href":"https:\/\/api.w.org\/{rel}","templated":true}]}}