{"id":226,"date":"2022-02-11T05:15:54","date_gmt":"2022-02-11T10:15:54","guid":{"rendered":"https:\/\/pinup-peru.online\/?page_id=226"},"modified":"2022-11-02T03:50:08","modified_gmt":"2022-11-02T08:50:08","slug":"sobre-nos","status":"publish","type":"page","link":"https:\/\/pin-up-online-casino.pe\/pt-br\/sobre-nos\/","title":{"rendered":"Sobre n\u00f3s"},"content":{"rendered":"\n<p>Pin Up \u00e9 um novo n\u00edvel de estabelecimento de jogos. H\u00e1 tr\u00eas caracter\u00edsticas principais que tornam isto poss\u00edvel.<\/p>\n\n\n\n<h2 class=\"wp-block-heading\">O que os novos clientes recebem dos cassinos online Pin Up?<\/h2>\n\n\n\n<p>A administra\u00e7\u00e3o do Pin Up Casino coopera apenas com fornecedores populares e confi\u00e1veis. Voc\u00ea pode ver por si mesmo, gra\u00e7as \u00e0 vitrine de slots. Emuladores de marca da Novomatic, Microgaming, BetSoft e outros l\u00edderes da ind\u00fastria est\u00e3o dispon\u00edveis para o jogador.<\/p>\n\n\n<div class=\"wp-block-image\">\n<figure class=\"alignright size-large\"><img decoding=\"async\" loading=\"lazy\" width=\"1024\" height=\"1024\" src=\"https:\/\/pin-up-online-casino.pe\/wp-content\/uploads\/2022\/07\/pin-up-app-header-1024x1024-1-1024x1024.webp\" alt=\"\" class=\"wp-image-229\" srcset=\"https:\/\/pin-up-online-casino.pe\/wp-content\/uploads\/2022\/07\/pin-up-app-header-1024x1024-1.webp 1024w, https:\/\/pin-up-online-casino.pe\/wp-content\/uploads\/2022\/07\/pin-up-app-header-1024x1024-1-300x300.webp 300w, https:\/\/pin-up-online-casino.pe\/wp-content\/uploads\/2022\/07\/pin-up-app-header-1024x1024-1-150x150.webp 150w, https:\/\/pin-up-online-casino.pe\/wp-content\/uploads\/2022\/07\/pin-up-app-header-1024x1024-1-768x768.webp 768w\" sizes=\"(max-width: 1024px) 100vw, 1024px\" \/><\/figure><\/div>\n\n\n<p>O Pin Up Casino n\u00e3o est\u00e1 limitado a ca\u00e7a-n\u00edqueis. \u00c9 um portal internacional e diversificado de jogos de azar. Os clientes podem apostar nos ca\u00e7a-n\u00edqueis e ao mesmo tempo tentar sua sorte nas apostas esportivas, jogos ao vivo, roleta e p\u00f4quer.<\/p>\n\n\n\n<p>Tornar-se um cliente do site oficial do Pin Up Casino pode ser feito em duas etapas. A administra\u00e7\u00e3o oferece o registro n\u00e3o via e-mail ou redes sociais, mas atrav\u00e9s de um n\u00famero de telefone celular. Gra\u00e7as a isto, a conta \u00e9 imediatamente ligada aos dados pessoais do usu\u00e1rio, o que exclui a possibilidade de hacking e roubo de fundos.<\/p>\n\n\n\n<p>Antes de se registrar, cada visitante do site pode experimentar a interface e os jogos. O modo de demonstra\u00e7\u00e3o est\u00e1 aberto a todos os tipos de entretenimento virtual. As m\u00e1quinas podem operar com um dep\u00f3sito virtual, cujo valor \u00e9 determinado pelo usu\u00e1rio. O mesmo se aplica \u00e0 roleta e \u00e0s apostas esportivas.<\/p>\n\n\n<div class=\"wp-block-image\">\n<figure class=\"aligncenter size-full\"><img decoding=\"async\" loading=\"lazy\" width=\"1014\" height=\"355\" src=\"https:\/\/pin-up-online-casino.pe\/wp-content\/uploads\/2022\/07\/pu4-1.jpg\" alt=\"\" class=\"wp-image-227\" srcset=\"https:\/\/pin-up-online-casino.pe\/wp-content\/uploads\/2022\/07\/pu4-1.jpg 1014w, https:\/\/pin-up-online-casino.pe\/wp-content\/uploads\/2022\/07\/pu4-1-300x105.jpg 300w, https:\/\/pin-up-online-casino.pe\/wp-content\/uploads\/2022\/07\/pu4-1-768x269.jpg 768w\" sizes=\"(max-width: 1014px) 100vw, 1014px\" \/><\/figure><\/div>\n\n\n<p>Ao se registrar, um novo jogador no Pin Up Casino pode receber privil\u00e9gios individuais:<\/p>\n\n\n\n<p>Um conjunto generoso de b\u00f4nus de partida. Ao depositar 2000 RUB, o visitante recebe 250 freespins e um b\u00f4nus de 150% de dep\u00f3sito. As bobinas resultantes podem ser usadas em todos os slots populares, assim como o dinheiro do dep\u00f3sito. O per\u00edodo de apostas \u00e9 de at\u00e9 72 horas.<\/p>\n\n\n\n<p>Sem b\u00f4nus de dep\u00f3sito com uma confort\u00e1vel aposta. V\u00e1rias vezes ao ano, a administra\u00e7\u00e3o do Pin Up Casino Com lan\u00e7a uma promo\u00e7\u00e3o sem dep\u00f3sito. O jogador recebe rublos gratuitos ou virtuais em sua conta. A aposta n\u00e3o excede x50 e d\u00e1 uma chance de ganhar o jackpot sem um investimento inicial. Apoio abrangente. H\u00e1 uma op\u00e7\u00e3o de bate-papo no gabinete pessoal. Esta \u00e9 uma forma na qual um funcion\u00e1rio real da institui\u00e7\u00e3o se comunica com o usu\u00e1rio. O conselheiro responder\u00e1 a quaisquer perguntas relacionadas ao clube de jogos. Isto facilita a compreens\u00e3o dos b\u00f4nus, como verificar corretamente sua identidade e como retirar dinheiro em um curto per\u00edodo de tempo.<\/p>\n","protected":false},"excerpt":{"rendered":"<p>Pin Up \u00e9 um novo n\u00edvel de estabelecimento de jogos. H\u00e1 tr\u00eas caracter\u00edsticas principais que tornam isto poss\u00edvel. O que os novos clientes recebem dos cassinos online Pin Up? A administra\u00e7\u00e3o do Pin Up Casino coopera apenas com fornecedores populares e confi\u00e1veis. Voc\u00ea pode ver por si mesmo, gra\u00e7as \u00e0 vitrine de slots. Emuladores de [&hellip;]<\/p>\n","protected":false},"author":1,"featured_media":0,"parent":0,"menu_order":0,"comment_status":"open","ping_status":"closed","template":"","meta":{"footnotes":""},"yoast_head":"<!-- This site is optimized with the Yoast SEO plugin v19.5.1 - https:\/\/yoast.com\/wordpress\/plugins\/seo\/ -->\n<title>Sobre nosso cassino \u2013 PinUp<\/title>\n<meta name=\"description\" content=\"PinUp \u00e9 um dos cassinos mais populares do Peru. O cassino j\u00e1 conquistou a confian\u00e7a de seus usu\u00e1rios.\" \/>\n<meta name=\"robots\" content=\"index, follow, max-snippet:-1, max-image-preview:large, max-video-preview:-1\" \/>\n<link rel=\"canonical\" href=\"https:\/\/pin-up-online-casino.pe\/pt-br\/sobre-nos\/\" \/>\n<meta property=\"og:locale\" content=\"pt_BR\" \/>\n<meta property=\"og:type\" content=\"article\" \/>\n<meta property=\"og:title\" content=\"Sobre nosso cassino \u2013 PinUp\" \/>\n<meta property=\"og:description\" content=\"PinUp \u00e9 um dos cassinos mais populares do Peru. O cassino j\u00e1 conquistou a confian\u00e7a de seus usu\u00e1rios.\" \/>\n<meta property=\"og:url\" content=\"https:\/\/pin-up-online-casino.pe\/pt-br\/sobre-nos\/\" \/>\n<meta property=\"og:site_name\" content=\"Pin up casino\" \/>\n<meta property=\"article:modified_time\" content=\"2022-11-02T08:50:08+00:00\" \/>\n<meta property=\"og:image\" content=\"https:\/\/pin-up-online-casino.pe\/wp-content\/uploads\/2022\/07\/pin-up-app-header-1024x1024-1-1024x1024.webp\" \/>\n<meta name=\"twitter:card\" content=\"summary_large_image\" \/>\n<meta name=\"twitter:label1\" content=\"Est. tempo de leitura\" \/>\n\t<meta name=\"twitter:data1\" content=\"3 minutos\" \/>\n<!-- \/ Yoast SEO plugin. -->","yoast_head_json":{"title":"Sobre nosso cassino \u2013 PinUp","description":"PinUp \u00e9 um dos cassinos mais populares do Peru. O cassino j\u00e1 conquistou a confian\u00e7a de seus usu\u00e1rios.","robots":{"index":"index","follow":"follow","max-snippet":"max-snippet:-1","max-image-preview":"max-image-preview:large","max-video-preview":"max-video-preview:-1"},"canonical":"https:\/\/pin-up-online-casino.pe\/pt-br\/sobre-nos\/","og_locale":"pt_BR","og_type":"article","og_title":"Sobre nosso cassino \u2013 PinUp","og_description":"PinUp \u00e9 um dos cassinos mais populares do Peru. O cassino j\u00e1 conquistou a confian\u00e7a de seus usu\u00e1rios.","og_url":"https:\/\/pin-up-online-casino.pe\/pt-br\/sobre-nos\/","og_site_name":"Pin up casino","article_modified_time":"2022-11-02T08:50:08+00:00","og_image":[{"url":"https:\/\/pin-up-online-casino.pe\/wp-content\/uploads\/2022\/07\/pin-up-app-header-1024x1024-1-1024x1024.webp"}],"twitter_card":"summary_large_image","twitter_misc":{"Est. tempo de leitura":"3 minutos"},"schema":{"@context":"https:\/\/schema.org","@graph":[{"@type":"WebPage","@id":"https:\/\/pin-up-online-casino.pe\/pt-br\/sobre-nos\/","url":"https:\/\/pin-up-online-casino.pe\/pt-br\/sobre-nos\/","name":"Sobre nosso cassino \u2013 PinUp","isPartOf":{"@id":"https:\/\/pin-up-online-casino.pe\/#website"},"datePublished":"2022-02-11T10:15:54+00:00","dateModified":"2022-11-02T08:50:08+00:00","description":"PinUp \u00e9 um dos cassinos mais populares do Peru. O cassino j\u00e1 conquistou a confian\u00e7a de seus usu\u00e1rios.","breadcrumb":{"@id":"https:\/\/pin-up-online-casino.pe\/pt-br\/sobre-nos\/#breadcrumb"},"inLanguage":"pt-BR","potentialAction":[{"@type":"ReadAction","target":["https:\/\/pin-up-online-casino.pe\/pt-br\/sobre-nos\/"]}]},{"@type":"BreadcrumbList","@id":"https:\/\/pin-up-online-casino.pe\/pt-br\/sobre-nos\/#breadcrumb","itemListElement":[{"@type":"ListItem","position":1,"name":"Portada","item":"https:\/\/pin-up-online-casino.pe\/pt-br\/"},{"@type":"ListItem","position":2,"name":"Sobre n\u00f3s"}]},{"@type":"WebSite","@id":"https:\/\/pin-up-online-casino.pe\/#website","url":"https:\/\/pin-up-online-casino.pe\/","name":"Pin up casino","description":"","publisher":{"@id":"https:\/\/pin-up-online-casino.pe\/#organization"},"potentialAction":[{"@type":"SearchAction","target":{"@type":"EntryPoint","urlTemplate":"https:\/\/pin-up-online-casino.pe\/?s={search_term_string}"},"query-input":"required name=search_term_string"}],"inLanguage":"pt-BR"},{"@type":"Organization","@id":"https:\/\/pin-up-online-casino.pe\/#organization","name":"Pin up casino","url":"https:\/\/pin-up-online-casino.pe\/","sameAs":[],"logo":{"@type":"ImageObject","inLanguage":"pt-BR","@id":"https:\/\/pin-up-online-casino.pe\/#\/schema\/logo\/image\/","url":"https:\/\/pin-up-online-casino.pe\/wp-content\/uploads\/2022\/08\/pin-up-logo.png","contentUrl":"https:\/\/pin-up-online-casino.pe\/wp-content\/uploads\/2022\/08\/pin-up-logo.png","width":320,"height":124,"caption":"Pin up casino"},"image":{"@id":"https:\/\/pin-up-online-casino.pe\/#\/schema\/logo\/image\/"}}]}},"_links":{"self":[{"href":"https:\/\/pin-up-online-casino.pe\/pt-br\/wp-json\/wp\/v2\/pages\/226"}],"collection":[{"href":"https:\/\/pin-up-online-casino.pe\/pt-br\/wp-json\/wp\/v2\/pages"}],"about":[{"href":"https:\/\/pin-up-online-casino.pe\/pt-br\/wp-json\/wp\/v2\/types\/page"}],"author":[{"embeddable":true,"href":"https:\/\/pin-up-online-casino.pe\/pt-br\/wp-json\/wp\/v2\/users\/1"}],"replies":[{"embeddable":true,"href":"https:\/\/pin-up-online-casino.pe\/pt-br\/wp-json\/wp\/v2\/comments?post=226"}],"version-history":[{"count":4,"href":"https:\/\/pin-up-online-casino.pe\/pt-br\/wp-json\/wp\/v2\/pages\/226\/revisions"}],"predecessor-version":[{"id":380,"href":"https:\/\/pin-up-online-casino.pe\/pt-br\/wp-json\/wp\/v2\/pages\/226\/revisions\/380"}],"wp:attachment":[{"href":"https:\/\/pin-up-online-casino.pe\/pt-br\/wp-json\/wp\/v2\/media?parent=226"}],"curies":[{"name":"wp","href":"https:\/\/api.w.org\/{rel}","templated":true}]}}