{"id":222,"date":"2022-02-11T02:17:10","date_gmt":"2022-02-11T07:17:10","guid":{"rendered":"https:\/\/pinup-peru.online\/?page_id=222"},"modified":"2022-11-02T03:50:07","modified_gmt":"2022-11-02T08:50:07","slug":"registro","status":"publish","type":"page","link":"https:\/\/pin-up-online-casino.pe\/pt-br\/registro\/","title":{"rendered":"Registro no cassino"},"content":{"rendered":"\n<p>Todos os usu\u00e1rios que desejam jogar nos ca\u00e7a-n\u00edqueis Pin Up Casino por dinheiro devem passar pelo processo de registro, que leva um m\u00ednimo de tempo e se resume ao preenchimento dos seguintes campos:<\/p>\n\n\n\n<ul><li>primeiro nome e sobrenome<\/li><li>data de nascimento<\/li><li>jogador de g\u00eanero;<\/li><li>pa\u00eds, cidade e endere\u00e7o de resid\u00eancia;<\/li><li>n\u00famero de telefone<\/li><li>endere\u00e7o de e-mail<\/li><li>senha;<\/li><li>moeda da conta do jogo.<\/li><\/ul>\n\n\n\n<p>A moeda da conta deve ser escolhida de forma respons\u00e1vel, n\u00e3o \u00e9 poss\u00edvel mud\u00e1-la ap\u00f3s a cria\u00e7\u00e3o de um perfil.<\/p>\n\n\n<div class=\"wp-block-image\">\n<figure class=\"aligncenter size-full\"><img decoding=\"async\" loading=\"lazy\" width=\"1024\" height=\"380\" src=\"https:\/\/pin-up-online-casino.pe\/wp-content\/uploads\/2022\/07\/pu10-1024x380-1.jpg\" alt=\"Registro Pin up\" class=\"wp-image-223\" srcset=\"https:\/\/pin-up-online-casino.pe\/wp-content\/uploads\/2022\/07\/pu10-1024x380-1.jpg 1024w, https:\/\/pin-up-online-casino.pe\/wp-content\/uploads\/2022\/07\/pu10-1024x380-1-300x111.jpg 300w, https:\/\/pin-up-online-casino.pe\/wp-content\/uploads\/2022\/07\/pu10-1024x380-1-768x285.jpg 768w\" sizes=\"(max-width: 1024px) 100vw, 1024px\" \/><figcaption>Registro Pin up<\/figcaption><\/figure><\/div>\n\n\n<p>Para verificar sua conta, voc\u00ea precisa entrar no site oficial, ir at\u00e9 o gabinete pessoal e fazer o seguinte<\/p>\n\n\n\n<ul><li>enviar uma foto de seu documento (passaporte, carteira de motorista, outro documento de identidade).<\/li><li>tire uma foto de si mesmo com seu documento em m\u00e3os e apresente-a para verifica\u00e7\u00e3o.<\/li><\/ul>\n\n\n\n<p>Os arquivos devem estar no formato JPG ou PNG sem qualquer processamento em editores gr\u00e1ficos.<\/p>\n","protected":false},"excerpt":{"rendered":"<p>Todos os usu\u00e1rios que desejam jogar nos ca\u00e7a-n\u00edqueis Pin Up Casino por dinheiro devem passar pelo processo de registro, que leva um m\u00ednimo de tempo e se resume ao preenchimento dos seguintes campos: primeiro nome e sobrenome data de nascimento jogador de g\u00eanero; pa\u00eds, cidade e endere\u00e7o de resid\u00eancia; n\u00famero de telefone endere\u00e7o de e-mail [&hellip;]<\/p>\n","protected":false},"author":1,"featured_media":0,"parent":0,"menu_order":0,"comment_status":"open","ping_status":"closed","template":"","meta":{"footnotes":""},"yoast_head":"<!-- This site is optimized with the Yoast SEO plugin v19.5.1 - https:\/\/yoast.com\/wordpress\/plugins\/seo\/ -->\n<title>Pin up registro | Como se cadastrar em um cassino online<\/title>\n<meta name=\"description\" content=\"Registro e acesso ao cassino PinUp. Como come\u00e7ar a apostar em esportes e a jogar jogos de cassino. Registro Pin up\" \/>\n<meta name=\"robots\" content=\"index, follow, max-snippet:-1, max-image-preview:large, max-video-preview:-1\" \/>\n<link rel=\"canonical\" href=\"https:\/\/pin-up-online-casino.pe\/pt-br\/registro\/\" \/>\n<meta property=\"og:locale\" content=\"pt_BR\" \/>\n<meta property=\"og:type\" content=\"article\" \/>\n<meta property=\"og:title\" content=\"Pin up registro | Como se cadastrar em um cassino online\" \/>\n<meta property=\"og:description\" content=\"Registro e acesso ao cassino PinUp. Como come\u00e7ar a apostar em esportes e a jogar jogos de cassino. Registro Pin up\" \/>\n<meta property=\"og:url\" content=\"https:\/\/pin-up-online-casino.pe\/pt-br\/registro\/\" \/>\n<meta property=\"og:site_name\" content=\"Pin up casino\" \/>\n<meta property=\"article:modified_time\" content=\"2022-11-02T08:50:07+00:00\" \/>\n<meta property=\"og:image\" content=\"https:\/\/pin-up-online-casino.pe\/wp-content\/uploads\/2022\/07\/pu10-1024x380-1.jpg\" \/>\n<meta name=\"twitter:card\" content=\"summary_large_image\" \/>\n<meta name=\"twitter:label1\" content=\"Est. tempo de leitura\" \/>\n\t<meta name=\"twitter:data1\" content=\"1 minuto\" \/>\n<!-- \/ Yoast SEO plugin. -->","yoast_head_json":{"title":"Pin up registro | Como se cadastrar em um cassino online","description":"Registro e acesso ao cassino PinUp. Como come\u00e7ar a apostar em esportes e a jogar jogos de cassino. Registro Pin up","robots":{"index":"index","follow":"follow","max-snippet":"max-snippet:-1","max-image-preview":"max-image-preview:large","max-video-preview":"max-video-preview:-1"},"canonical":"https:\/\/pin-up-online-casino.pe\/pt-br\/registro\/","og_locale":"pt_BR","og_type":"article","og_title":"Pin up registro | Como se cadastrar em um cassino online","og_description":"Registro e acesso ao cassino PinUp. Como come\u00e7ar a apostar em esportes e a jogar jogos de cassino. Registro Pin up","og_url":"https:\/\/pin-up-online-casino.pe\/pt-br\/registro\/","og_site_name":"Pin up casino","article_modified_time":"2022-11-02T08:50:07+00:00","og_image":[{"url":"https:\/\/pin-up-online-casino.pe\/wp-content\/uploads\/2022\/07\/pu10-1024x380-1.jpg"}],"twitter_card":"summary_large_image","twitter_misc":{"Est. tempo de leitura":"1 minuto"},"schema":{"@context":"https:\/\/schema.org","@graph":[{"@type":"WebPage","@id":"https:\/\/pin-up-online-casino.pe\/pt-br\/registro\/","url":"https:\/\/pin-up-online-casino.pe\/pt-br\/registro\/","name":"Pin up registro | Como se cadastrar em um cassino online","isPartOf":{"@id":"https:\/\/pin-up-online-casino.pe\/#website"},"datePublished":"2022-02-11T07:17:10+00:00","dateModified":"2022-11-02T08:50:07+00:00","description":"Registro e acesso ao cassino PinUp. Como come\u00e7ar a apostar em esportes e a jogar jogos de cassino. Registro Pin up","breadcrumb":{"@id":"https:\/\/pin-up-online-casino.pe\/pt-br\/registro\/#breadcrumb"},"inLanguage":"pt-BR","potentialAction":[{"@type":"ReadAction","target":["https:\/\/pin-up-online-casino.pe\/pt-br\/registro\/"]}]},{"@type":"BreadcrumbList","@id":"https:\/\/pin-up-online-casino.pe\/pt-br\/registro\/#breadcrumb","itemListElement":[{"@type":"ListItem","position":1,"name":"Portada","item":"https:\/\/pin-up-online-casino.pe\/pt-br\/"},{"@type":"ListItem","position":2,"name":"Registro no cassino"}]},{"@type":"WebSite","@id":"https:\/\/pin-up-online-casino.pe\/#website","url":"https:\/\/pin-up-online-casino.pe\/","name":"Pin up casino","description":"","publisher":{"@id":"https:\/\/pin-up-online-casino.pe\/#organization"},"potentialAction":[{"@type":"SearchAction","target":{"@type":"EntryPoint","urlTemplate":"https:\/\/pin-up-online-casino.pe\/?s={search_term_string}"},"query-input":"required name=search_term_string"}],"inLanguage":"pt-BR"},{"@type":"Organization","@id":"https:\/\/pin-up-online-casino.pe\/#organization","name":"Pin up casino","url":"https:\/\/pin-up-online-casino.pe\/","sameAs":[],"logo":{"@type":"ImageObject","inLanguage":"pt-BR","@id":"https:\/\/pin-up-online-casino.pe\/#\/schema\/logo\/image\/","url":"https:\/\/pin-up-online-casino.pe\/wp-content\/uploads\/2022\/08\/pin-up-logo.png","contentUrl":"https:\/\/pin-up-online-casino.pe\/wp-content\/uploads\/2022\/08\/pin-up-logo.png","width":320,"height":124,"caption":"Pin up casino"},"image":{"@id":"https:\/\/pin-up-online-casino.pe\/#\/schema\/logo\/image\/"}}]}},"_links":{"self":[{"href":"https:\/\/pin-up-online-casino.pe\/pt-br\/wp-json\/wp\/v2\/pages\/222"}],"collection":[{"href":"https:\/\/pin-up-online-casino.pe\/pt-br\/wp-json\/wp\/v2\/pages"}],"about":[{"href":"https:\/\/pin-up-online-casino.pe\/pt-br\/wp-json\/wp\/v2\/types\/page"}],"author":[{"embeddable":true,"href":"https:\/\/pin-up-online-casino.pe\/pt-br\/wp-json\/wp\/v2\/users\/1"}],"replies":[{"embeddable":true,"href":"https:\/\/pin-up-online-casino.pe\/pt-br\/wp-json\/wp\/v2\/comments?post=222"}],"version-history":[{"count":10,"href":"https:\/\/pin-up-online-casino.pe\/pt-br\/wp-json\/wp\/v2\/pages\/222\/revisions"}],"predecessor-version":[{"id":360,"href":"https:\/\/pin-up-online-casino.pe\/pt-br\/wp-json\/wp\/v2\/pages\/222\/revisions\/360"}],"wp:attachment":[{"href":"https:\/\/pin-up-online-casino.pe\/pt-br\/wp-json\/wp\/v2\/media?parent=222"}],"curies":[{"name":"wp","href":"https:\/\/api.w.org\/{rel}","templated":true}]}}