{"id":216,"date":"2022-02-11T02:18:17","date_gmt":"2022-02-11T07:18:17","guid":{"rendered":"https:\/\/pinup-peru.online\/?page_id=216"},"modified":"2022-11-02T03:50:06","modified_gmt":"2022-11-02T08:50:06","slug":"cassino","status":"publish","type":"page","link":"https:\/\/pin-up-online-casino.pe\/pt-br\/cassino\/","title":{"rendered":"Prenda o cassino online: Cassino Pin up registro"},"content":{"rendered":"\n<h2 class=\"wp-block-heading\">Ca\u00e7a-n\u00edqueis Pin Up<\/h2>\n\n\n\n<p>O site oficial do Cassino Pin Up oferece uma grande sele\u00e7\u00e3o de jogos e o n\u00famero de jogos est\u00e1 aumentando a cada dia. Pin Up Casino oferece as seguintes categorias principais de jogos: ca\u00e7a-n\u00edqueis &#8211; voc\u00ea pode escolher entre todos os g\u00eaneros antigos, fantasia, m\u00edstico, c\u00f3smico e outros, roleta &#8211; mais de dez op\u00e7\u00f5es coloridas e espetaculares e uma funcionalidade b\u00f4nus \u00e9 uma vers\u00e3o demo para cada uma delas, jogos de mesa &#8211; voc\u00ea pode jogar blackjack, bacar\u00e1 emocionante, p\u00f4quer espetacular e assim por diante. Cada jogador encontrar\u00e1 uma atividade adequada para si mesmo.<\/p>\n\n\n<div class=\"wp-block-image\">\n<figure class=\"aligncenter size-full\"><img decoding=\"async\" loading=\"lazy\" width=\"1014\" height=\"355\" src=\"https:\/\/pin-up-online-casino.pe\/wp-content\/uploads\/2022\/07\/pu4.jpg\" alt=\"Pin up casino\" class=\"wp-image-217\" srcset=\"https:\/\/pin-up-online-casino.pe\/wp-content\/uploads\/2022\/07\/pu4.jpg 1014w, https:\/\/pin-up-online-casino.pe\/wp-content\/uploads\/2022\/07\/pu4-300x105.jpg 300w, https:\/\/pin-up-online-casino.pe\/wp-content\/uploads\/2022\/07\/pu4-768x269.jpg 768w\" sizes=\"(max-width: 1014px) 100vw, 1014px\" \/><figcaption>Pin up casino<\/figcaption><\/figure><\/div>\n\n\n<h2 class=\"wp-block-heading\">Programa de b\u00f4nus efetivo<\/h2>\n\n\n\n<p>Primeiro de tudo, todo jogador que se registra no site e decide fazer um dep\u00f3sito inicial para jogar por dinheiro real no Pin-Up Club, a administra\u00e7\u00e3o lhe d\u00e1 um grande presente na forma de um b\u00f4nus de 400$. Este b\u00f4nus inicial n\u00e3o s\u00f3 permite que voc\u00ea jogue efetivamente, mas tamb\u00e9m que ganhe grandes quantidades de dinheiro. O principal \u00e9 usar seus ganhos habilmente.<\/p>\n\n\n<div class=\"wp-block-image\">\n<figure class=\"aligncenter size-full\"><img decoding=\"async\" loading=\"lazy\" width=\"1024\" height=\"266\" src=\"https:\/\/pin-up-online-casino.pe\/wp-content\/uploads\/2022\/07\/pu6-1024x266-1.jpg\" alt=\"Pin up online casino\" class=\"wp-image-219\" srcset=\"https:\/\/pin-up-online-casino.pe\/wp-content\/uploads\/2022\/07\/pu6-1024x266-1.jpg 1024w, https:\/\/pin-up-online-casino.pe\/wp-content\/uploads\/2022\/07\/pu6-1024x266-1-300x78.jpg 300w, https:\/\/pin-up-online-casino.pe\/wp-content\/uploads\/2022\/07\/pu6-1024x266-1-768x200.jpg 768w\" sizes=\"(max-width: 1024px) 100vw, 1024px\" \/><figcaption>Pin up online casino<\/figcaption><\/figure><\/div>\n\n\n<p>H\u00e1 tamb\u00e9m um exclusivo b\u00f4nus sem dep\u00f3sito na forma de 250 rodadas gr\u00e1tis no Pin Up Casino &#8211; uma cobi\u00e7ada combina\u00e7\u00e3o de s\u00edmbolos com certeza vai cair em muitas dessas rodadas!<\/p>\n\n\n\n<h2 class=\"wp-block-heading\">Aplica\u00e7\u00e3o Pin Up Casino<\/h2>\n\n\n\n<p>O Pin Up Casino pode ser jogado atrav\u00e9s de um aplicativo m\u00f3vel. Agora o Pin Up Casino est\u00e1 dispon\u00edvel a qualquer hora, em qualquer lugar. Tudo que voc\u00ea precisa fazer \u00e9 baixar este aplicativo Pin Up Casino, instal\u00e1-lo em seu telefone celular e execut\u00e1-lo. Se voc\u00ea ainda n\u00e3o se inscreveu no Pin Up Club, registre-se, depois escolha o jogo que voc\u00ea gosta, aposte e ganhe. As fun\u00e7\u00f5es da aplica\u00e7\u00e3o n\u00e3o s\u00e3o praticamente diferentes das do site oficial. Por mais de 10 anos, o site oficial do Pin-Up Club tornou-se n\u00e3o s\u00f3 reconhec\u00edvel pelos jogadores, mas tamb\u00e9m muito popular. O n\u00famero de membros do clube est\u00e1 crescendo constantemente. Participe!<\/p>\n","protected":false},"excerpt":{"rendered":"<p>Ca\u00e7a-n\u00edqueis Pin Up O site oficial do Cassino Pin Up oferece uma grande sele\u00e7\u00e3o de jogos e o n\u00famero de jogos est\u00e1 aumentando a cada dia. Pin Up Casino oferece as seguintes categorias principais de jogos: ca\u00e7a-n\u00edqueis &#8211; voc\u00ea pode escolher entre todos os g\u00eaneros antigos, fantasia, m\u00edstico, c\u00f3smico e outros, roleta &#8211; mais de [&hellip;]<\/p>\n","protected":false},"author":1,"featured_media":0,"parent":0,"menu_order":0,"comment_status":"open","ping_status":"closed","template":"","meta":{"footnotes":""},"yoast_head":"<!-- This site is optimized with the Yoast SEO plugin v19.5.1 - https:\/\/yoast.com\/wordpress\/plugins\/seo\/ -->\n<title>Prenda cassino online | Jogue cassino por dinheiro real<\/title>\n<meta name=\"description\" content=\"Esta p\u00e1gina cont\u00e9m informa\u00e7\u00f5es sobre o cassino online Pinup. Mais informa\u00e7\u00f5es podem ser encontradas em outras p\u00e1ginas. Prenda o cassino online\" \/>\n<meta name=\"robots\" content=\"index, follow, max-snippet:-1, max-image-preview:large, max-video-preview:-1\" \/>\n<link rel=\"canonical\" href=\"https:\/\/pin-up-online-casino.pe\/pt-br\/cassino\/\" \/>\n<meta property=\"og:locale\" content=\"pt_BR\" \/>\n<meta property=\"og:type\" content=\"article\" \/>\n<meta property=\"og:title\" content=\"Prenda cassino online | Jogue cassino por dinheiro real\" \/>\n<meta property=\"og:description\" content=\"Esta p\u00e1gina cont\u00e9m informa\u00e7\u00f5es sobre o cassino online Pinup. Mais informa\u00e7\u00f5es podem ser encontradas em outras p\u00e1ginas. Prenda o cassino online\" \/>\n<meta property=\"og:url\" content=\"https:\/\/pin-up-online-casino.pe\/pt-br\/cassino\/\" \/>\n<meta property=\"og:site_name\" content=\"Pin up casino\" \/>\n<meta property=\"article:modified_time\" content=\"2022-11-02T08:50:06+00:00\" \/>\n<meta property=\"og:image\" content=\"https:\/\/pin-up-online-casino.pe\/wp-content\/uploads\/2022\/07\/pu4.jpg\" \/>\n<meta name=\"twitter:card\" content=\"summary_large_image\" \/>\n<meta name=\"twitter:label1\" content=\"Est. tempo de leitura\" \/>\n\t<meta name=\"twitter:data1\" content=\"2 minutos\" \/>\n<!-- \/ Yoast SEO plugin. -->","yoast_head_json":{"title":"Prenda cassino online | Jogue cassino por dinheiro real","description":"Esta p\u00e1gina cont\u00e9m informa\u00e7\u00f5es sobre o cassino online Pinup. Mais informa\u00e7\u00f5es podem ser encontradas em outras p\u00e1ginas. Prenda o cassino online","robots":{"index":"index","follow":"follow","max-snippet":"max-snippet:-1","max-image-preview":"max-image-preview:large","max-video-preview":"max-video-preview:-1"},"canonical":"https:\/\/pin-up-online-casino.pe\/pt-br\/cassino\/","og_locale":"pt_BR","og_type":"article","og_title":"Prenda cassino online | Jogue cassino por dinheiro real","og_description":"Esta p\u00e1gina cont\u00e9m informa\u00e7\u00f5es sobre o cassino online Pinup. Mais informa\u00e7\u00f5es podem ser encontradas em outras p\u00e1ginas. Prenda o cassino online","og_url":"https:\/\/pin-up-online-casino.pe\/pt-br\/cassino\/","og_site_name":"Pin up casino","article_modified_time":"2022-11-02T08:50:06+00:00","og_image":[{"url":"https:\/\/pin-up-online-casino.pe\/wp-content\/uploads\/2022\/07\/pu4.jpg"}],"twitter_card":"summary_large_image","twitter_misc":{"Est. tempo de leitura":"2 minutos"},"schema":{"@context":"https:\/\/schema.org","@graph":[{"@type":"WebPage","@id":"https:\/\/pin-up-online-casino.pe\/pt-br\/cassino\/","url":"https:\/\/pin-up-online-casino.pe\/pt-br\/cassino\/","name":"Prenda cassino online | Jogue cassino por dinheiro real","isPartOf":{"@id":"https:\/\/pin-up-online-casino.pe\/#website"},"datePublished":"2022-02-11T07:18:17+00:00","dateModified":"2022-11-02T08:50:06+00:00","description":"Esta p\u00e1gina cont\u00e9m informa\u00e7\u00f5es sobre o cassino online Pinup. Mais informa\u00e7\u00f5es podem ser encontradas em outras p\u00e1ginas. Prenda o cassino online","breadcrumb":{"@id":"https:\/\/pin-up-online-casino.pe\/pt-br\/cassino\/#breadcrumb"},"inLanguage":"pt-BR","potentialAction":[{"@type":"ReadAction","target":["https:\/\/pin-up-online-casino.pe\/pt-br\/cassino\/"]}]},{"@type":"BreadcrumbList","@id":"https:\/\/pin-up-online-casino.pe\/pt-br\/cassino\/#breadcrumb","itemListElement":[{"@type":"ListItem","position":1,"name":"Portada","item":"https:\/\/pin-up-online-casino.pe\/pt-br\/"},{"@type":"ListItem","position":2,"name":"Prenda o cassino online: Cassino Pin up registro"}]},{"@type":"WebSite","@id":"https:\/\/pin-up-online-casino.pe\/#website","url":"https:\/\/pin-up-online-casino.pe\/","name":"Pin up casino","description":"","publisher":{"@id":"https:\/\/pin-up-online-casino.pe\/#organization"},"potentialAction":[{"@type":"SearchAction","target":{"@type":"EntryPoint","urlTemplate":"https:\/\/pin-up-online-casino.pe\/?s={search_term_string}"},"query-input":"required name=search_term_string"}],"inLanguage":"pt-BR"},{"@type":"Organization","@id":"https:\/\/pin-up-online-casino.pe\/#organization","name":"Pin up casino","url":"https:\/\/pin-up-online-casino.pe\/","sameAs":[],"logo":{"@type":"ImageObject","inLanguage":"pt-BR","@id":"https:\/\/pin-up-online-casino.pe\/#\/schema\/logo\/image\/","url":"https:\/\/pin-up-online-casino.pe\/wp-content\/uploads\/2022\/08\/pin-up-logo.png","contentUrl":"https:\/\/pin-up-online-casino.pe\/wp-content\/uploads\/2022\/08\/pin-up-logo.png","width":320,"height":124,"caption":"Pin up casino"},"image":{"@id":"https:\/\/pin-up-online-casino.pe\/#\/schema\/logo\/image\/"}}]}},"_links":{"self":[{"href":"https:\/\/pin-up-online-casino.pe\/pt-br\/wp-json\/wp\/v2\/pages\/216"}],"collection":[{"href":"https:\/\/pin-up-online-casino.pe\/pt-br\/wp-json\/wp\/v2\/pages"}],"about":[{"href":"https:\/\/pin-up-online-casino.pe\/pt-br\/wp-json\/wp\/v2\/types\/page"}],"author":[{"embeddable":true,"href":"https:\/\/pin-up-online-casino.pe\/pt-br\/wp-json\/wp\/v2\/users\/1"}],"replies":[{"embeddable":true,"href":"https:\/\/pin-up-online-casino.pe\/pt-br\/wp-json\/wp\/v2\/comments?post=216"}],"version-history":[{"count":12,"href":"https:\/\/pin-up-online-casino.pe\/pt-br\/wp-json\/wp\/v2\/pages\/216\/revisions"}],"predecessor-version":[{"id":365,"href":"https:\/\/pin-up-online-casino.pe\/pt-br\/wp-json\/wp\/v2\/pages\/216\/revisions\/365"}],"wp:attachment":[{"href":"https:\/\/pin-up-online-casino.pe\/pt-br\/wp-json\/wp\/v2\/media?parent=216"}],"curies":[{"name":"wp","href":"https:\/\/api.w.org\/{rel}","templated":true}]}}