{"id":212,"date":"2022-07-21T04:57:29","date_gmt":"2022-07-21T09:57:29","guid":{"rendered":"https:\/\/pinup-peru.online\/?page_id=212"},"modified":"2022-11-02T03:49:59","modified_gmt":"2022-11-02T08:49:59","slug":"apostar","status":"publish","type":"page","link":"https:\/\/pin-up-online-casino.pe\/pt-br\/apostar\/","title":{"rendered":"Apostas esportivas Pin up: Como apostar no Pin up"},"content":{"rendered":"\n<h2 class=\"wp-block-heading\">Registre-se<\/h2>\n\n\n\n<p>O registro na casa de apostas Pin Up come\u00e7a clicando no bot\u00e3o vermelho &#8220;Register&#8221;, no canto superior direito. No question\u00e1rio, voc\u00ea deve especificar seus dados pessoais, endere\u00e7o residencial, n\u00famero de telefone e endere\u00e7o de e-mail, que servir\u00e3o ent\u00e3o como um login para entrar em sua conta pessoal. Voc\u00ea tamb\u00e9m deve selecionar a moeda da conta (h\u00e1 hryvnia ucraniana) e criar uma senha.<\/p>\n\n\n<div class=\"wp-block-image\">\n<figure class=\"aligncenter size-full\"><img decoding=\"async\" loading=\"lazy\" width=\"700\" height=\"250\" src=\"https:\/\/pin-up-online-casino.pe\/wp-content\/uploads\/2022\/07\/bet-1.jpg\" alt=\"pin up apostar \" class=\"wp-image-213\" srcset=\"https:\/\/pin-up-online-casino.pe\/wp-content\/uploads\/2022\/07\/bet-1.jpg 700w, https:\/\/pin-up-online-casino.pe\/wp-content\/uploads\/2022\/07\/bet-1-300x107.jpg 300w\" sizes=\"(max-width: 700px) 100vw, 700px\" \/><figcaption>pin up apostar<\/figcaption><\/figure><\/div>\n\n\n<p>\u00c9 \u00fatil deixar um tique ativo ao receber not\u00edcias pelo telefone e pelo correio, pois Pinap tem muitas promo\u00e7\u00f5es interessantes, que \u00e9 melhor saber a tempo. A verifica\u00e7\u00e3o da conta Pin Up \u00e9 realizada a pedido do servi\u00e7o de seguran\u00e7a, quando uma grande quantidade \u00e9 solicitada ou o agente de apostas suspeita que o jogador tenha violado as regras. Voc\u00ea pode ser solicitado a enviar c\u00f3pias de um documento de identidade, uma foto de um cart\u00e3o banc\u00e1rio e um extrato de cart\u00e3o banc\u00e1rio.<\/p>\n\n\n\n<h2 class=\"wp-block-heading\">Linha e tarifas<\/h2>\n\n\n\n<p>A linha da casa de apostas Pin Up vai apelar para os f\u00e3s dos melhores jogos, assim como para os f\u00e3s dos mercados menores. No formato de pr\u00e9 partida, voc\u00ea encontrar\u00e1 uma linha atraente com um bom conjunto de totais e handicaps, n\u00e3o apenas valores b\u00e1sicos, mas tamb\u00e9m valores altos, e apostas ao vivo em estat\u00edsticas e uma gama de outros mercados. As chances s\u00e3o bastante altas: no n\u00edvel 1,9-1,9 para resultados igualmente prov\u00e1veis nas melhores partidas e ligeiramente menores nos mercados menores. Os limites de apostas para os campeonatos populares s\u00e3o altos, para os ex\u00f3ticos eles s\u00e3o decentes, capazes de gerar lucros decentes. H\u00e1 tarifas especiais, uma linha de longo prazo, assim como uma linha para eventos n\u00e3o esportivos: pol\u00edtica, cinema, cultura.<\/p>\n\n\n\n<h2 class=\"wp-block-heading\">Vouchers e ofertas especiais<\/h2>\n\n\n\n<p>A loja de apostas Pin Up tamb\u00e9m \u00e9 interessante para os amantes de b\u00f4nus: h\u00e1 ofertas atraentes tanto para iniciantes como para clientes regulares. Tudo come\u00e7a com um b\u00f4nus de primeiro dep\u00f3sito de at\u00e9 1600 Sol, que deve ser apostado da conta principal com chances de 1,7 ou mais. Ao lan\u00e7ar o valor do b\u00f4nus na conta principal 12 vezes, ele ser\u00e1 adicionado ao seu saldo e estar\u00e1 dispon\u00edvel para pagamento. Durante a aposi\u00e7\u00e3o do b\u00f4nus, a retirada \u00e9 bloqueada e s\u00e3o dadas 720 horas para a implementa\u00e7\u00e3o do b\u00f4nus.<\/p>\n\n\n\n<p>O Quiz da promo\u00e7\u00e3o de ter\u00e7a-feira \u00e9 muito popular, durante o qual o apostador tem que responder tr\u00eas perguntas do agente de apostas sobre o mundo do esporte e do eSports. Para tr\u00eas respostas corretas, voc\u00ea pode obter uma aposta gr\u00e1tis de $25, para dois, $15 e para um, $10. O valor do b\u00f4nus \u00e9 determinado pela aposta que voc\u00ea fizer ap\u00f3s participar do quiz. Voc\u00ea deve apostar em um acumulador de dois ou mais eventos, onde o coeficiente de cada resultado seja 1,99 ou superior. Quando a aposta \u00e9 calculada, independentemente de seu resultado, voc\u00ea ser\u00e1 creditado com uma aposta gr\u00e1tis no valor da aposta qualificada, mas n\u00e3o mais do que o valor do pr\u00eamio no question\u00e1rio.<\/p>\n\n\n\n<p>O Pinup tamb\u00e9m tem caixa expresso, saque em dinheiro, seguro de apostas e a capacidade de editar a aposta depois que ela foi colocada. De tempos em tempos, a casa de apostas realiza promo\u00e7\u00f5es dedicadas a datas importantes e grandes eventos esportivos, e tamb\u00e9m realiza regularmente sorteios gratuitos de apostas nas m\u00eddias sociais.<\/p>\n\n\n\n<h2 class=\"wp-block-heading\">Retirada de fundos<\/h2>\n\n\n\n<p>Para a Sol, Pin Up oferece muitos m\u00e9todos de pagamento que podem ser usados para recarregar uma conta e solicitar um pagamento. O valor m\u00ednimo de dep\u00f3sito \u00e9 de 40 Sol, o saque \u00e9 de 40 Sol. Voc\u00ea pode usar os seguintes m\u00e9todos de pagamento:<\/p>\n\n\n\n<ul><li>cart\u00f5es banc\u00e1rios Visa, Mastercard;<\/li><li>Qiwi, Carteiras WebMoney;<\/li><li>Sistemas de pagamento Skrill, Neteller;<\/li><li>GPay, SamsungPay;<\/li><li>Bitcoins.<\/li><\/ul>\n\n\n\n<p>Curiosamente, voc\u00ea pode utilizar diferentes sistemas para depositar e retirar fundos, caso os tenha utilizado ao completar sua conta. Em outras palavras, teoricamente, voc\u00ea pode ganhar dinheiro usando o WebMoney e retir\u00e1-lo para o cart\u00e3o, movendo-o em apostas.<\/p>\n\n\n\n<h2 class=\"wp-block-heading\">Confiabilidade<\/h2>\n\n\n\n<p>A casa de apostas Pin Up \u00e9 uma marca relativamente nova no mercado de apostas esportivas ucraniano, mas se estabeleceu no lado bom. De tempos em tempos, o trabalho t\u00e9cnico e preventivo \u00e9 realizado no site e aplicativos da Pin Up, mas este \u00e9 o \u00fanico inconveniente s\u00e9rio deste editor. A casa de apostas Pin Up \u00e9 uma marca relativamente nova no mercado de apostas esportivas ucraniano, mas se estabeleceu no lado bom. De tempos em tempos, o trabalho t\u00e9cnico e preventivo \u00e9 realizado no site e aplicativos da Pin Up, mas este \u00e9 o \u00fanico inconveniente s\u00e9rio deste editor.<\/p>\n\n\n\n<p>Os pagamentos Pin Up chegam em quest\u00e3o de segundos, o agente de apostas n\u00e3o abusa do procedimento de verifica\u00e7\u00e3o, realiza regularmente promo\u00e7\u00f5es e diversas atividades em seus canais no Telegrama, Instagram, Facebook.<\/p>\n","protected":false},"excerpt":{"rendered":"<p>Registre-se O registro na casa de apostas Pin Up come\u00e7a clicando no bot\u00e3o vermelho &#8220;Register&#8221;, no canto superior direito. No question\u00e1rio, voc\u00ea deve especificar seus dados pessoais, endere\u00e7o residencial, n\u00famero de telefone e endere\u00e7o de e-mail, que servir\u00e3o ent\u00e3o como um login para entrar em sua conta pessoal. Voc\u00ea tamb\u00e9m deve selecionar a moeda da [&hellip;]<\/p>\n","protected":false},"author":1,"featured_media":0,"parent":0,"menu_order":0,"comment_status":"open","ping_status":"closed","template":"","meta":{"footnotes":""},"yoast_head":"<!-- This site is optimized with the Yoast SEO plugin v19.5.1 - https:\/\/yoast.com\/wordpress\/plugins\/seo\/ -->\n<title>Como apostar em esportes de pin up | Como apostar em esportes de pin up<\/title>\n<meta name=\"description\" content=\"Instru\u00e7\u00f5es sobre como apostar em esportes no Pin up cassino online. Aposta em esportes. Pin-Up.bet\" \/>\n<meta name=\"robots\" content=\"index, follow, max-snippet:-1, max-image-preview:large, max-video-preview:-1\" \/>\n<link rel=\"canonical\" href=\"https:\/\/pin-up-online-casino.pe\/pt-br\/apostar\/\" \/>\n<meta property=\"og:locale\" content=\"pt_BR\" \/>\n<meta property=\"og:type\" content=\"article\" \/>\n<meta property=\"og:title\" content=\"Como apostar em esportes de pin up | Como apostar em esportes de pin up\" \/>\n<meta property=\"og:description\" content=\"Instru\u00e7\u00f5es sobre como apostar em esportes no Pin up cassino online. Aposta em esportes. Pin-Up.bet\" \/>\n<meta property=\"og:url\" content=\"https:\/\/pin-up-online-casino.pe\/pt-br\/apostar\/\" \/>\n<meta property=\"og:site_name\" content=\"Pin up casino\" \/>\n<meta property=\"article:modified_time\" content=\"2022-11-02T08:49:59+00:00\" \/>\n<meta property=\"og:image\" content=\"https:\/\/pin-up-online-casino.pe\/wp-content\/uploads\/2022\/07\/bet-1.jpg\" \/>\n<meta name=\"twitter:card\" content=\"summary_large_image\" \/>\n<meta name=\"twitter:label1\" content=\"Est. tempo de leitura\" \/>\n\t<meta name=\"twitter:data1\" content=\"4 minutos\" \/>\n<!-- \/ Yoast SEO plugin. -->","yoast_head_json":{"title":"Como apostar em esportes de pin up | Como apostar em esportes de pin up","description":"Instru\u00e7\u00f5es sobre como apostar em esportes no Pin up cassino online. Aposta em esportes. Pin-Up.bet","robots":{"index":"index","follow":"follow","max-snippet":"max-snippet:-1","max-image-preview":"max-image-preview:large","max-video-preview":"max-video-preview:-1"},"canonical":"https:\/\/pin-up-online-casino.pe\/pt-br\/apostar\/","og_locale":"pt_BR","og_type":"article","og_title":"Como apostar em esportes de pin up | Como apostar em esportes de pin up","og_description":"Instru\u00e7\u00f5es sobre como apostar em esportes no Pin up cassino online. Aposta em esportes. Pin-Up.bet","og_url":"https:\/\/pin-up-online-casino.pe\/pt-br\/apostar\/","og_site_name":"Pin up casino","article_modified_time":"2022-11-02T08:49:59+00:00","og_image":[{"url":"https:\/\/pin-up-online-casino.pe\/wp-content\/uploads\/2022\/07\/bet-1.jpg"}],"twitter_card":"summary_large_image","twitter_misc":{"Est. tempo de leitura":"4 minutos"},"schema":{"@context":"https:\/\/schema.org","@graph":[{"@type":"WebPage","@id":"https:\/\/pin-up-online-casino.pe\/pt-br\/apostar\/","url":"https:\/\/pin-up-online-casino.pe\/pt-br\/apostar\/","name":"Como apostar em esportes de pin up | Como apostar em esportes de pin up","isPartOf":{"@id":"https:\/\/pin-up-online-casino.pe\/#website"},"datePublished":"2022-07-21T09:57:29+00:00","dateModified":"2022-11-02T08:49:59+00:00","description":"Instru\u00e7\u00f5es sobre como apostar em esportes no Pin up cassino online. Aposta em esportes. Pin-Up.bet","breadcrumb":{"@id":"https:\/\/pin-up-online-casino.pe\/pt-br\/apostar\/#breadcrumb"},"inLanguage":"pt-BR","potentialAction":[{"@type":"ReadAction","target":["https:\/\/pin-up-online-casino.pe\/pt-br\/apostar\/"]}]},{"@type":"BreadcrumbList","@id":"https:\/\/pin-up-online-casino.pe\/pt-br\/apostar\/#breadcrumb","itemListElement":[{"@type":"ListItem","position":1,"name":"Portada","item":"https:\/\/pin-up-online-casino.pe\/pt-br\/"},{"@type":"ListItem","position":2,"name":"Apostas esportivas Pin up: Como apostar no Pin up"}]},{"@type":"WebSite","@id":"https:\/\/pin-up-online-casino.pe\/#website","url":"https:\/\/pin-up-online-casino.pe\/","name":"Pin up casino","description":"","publisher":{"@id":"https:\/\/pin-up-online-casino.pe\/#organization"},"potentialAction":[{"@type":"SearchAction","target":{"@type":"EntryPoint","urlTemplate":"https:\/\/pin-up-online-casino.pe\/?s={search_term_string}"},"query-input":"required name=search_term_string"}],"inLanguage":"pt-BR"},{"@type":"Organization","@id":"https:\/\/pin-up-online-casino.pe\/#organization","name":"Pin up casino","url":"https:\/\/pin-up-online-casino.pe\/","sameAs":[],"logo":{"@type":"ImageObject","inLanguage":"pt-BR","@id":"https:\/\/pin-up-online-casino.pe\/#\/schema\/logo\/image\/","url":"https:\/\/pin-up-online-casino.pe\/wp-content\/uploads\/2022\/08\/pin-up-logo.png","contentUrl":"https:\/\/pin-up-online-casino.pe\/wp-content\/uploads\/2022\/08\/pin-up-logo.png","width":320,"height":124,"caption":"Pin up casino"},"image":{"@id":"https:\/\/pin-up-online-casino.pe\/#\/schema\/logo\/image\/"}}]}},"_links":{"self":[{"href":"https:\/\/pin-up-online-casino.pe\/pt-br\/wp-json\/wp\/v2\/pages\/212"}],"collection":[{"href":"https:\/\/pin-up-online-casino.pe\/pt-br\/wp-json\/wp\/v2\/pages"}],"about":[{"href":"https:\/\/pin-up-online-casino.pe\/pt-br\/wp-json\/wp\/v2\/types\/page"}],"author":[{"embeddable":true,"href":"https:\/\/pin-up-online-casino.pe\/pt-br\/wp-json\/wp\/v2\/users\/1"}],"replies":[{"embeddable":true,"href":"https:\/\/pin-up-online-casino.pe\/pt-br\/wp-json\/wp\/v2\/comments?post=212"}],"version-history":[{"count":6,"href":"https:\/\/pin-up-online-casino.pe\/pt-br\/wp-json\/wp\/v2\/pages\/212\/revisions"}],"predecessor-version":[{"id":368,"href":"https:\/\/pin-up-online-casino.pe\/pt-br\/wp-json\/wp\/v2\/pages\/212\/revisions\/368"}],"wp:attachment":[{"href":"https:\/\/pin-up-online-casino.pe\/pt-br\/wp-json\/wp\/v2\/media?parent=212"}],"curies":[{"name":"wp","href":"https:\/\/api.w.org\/{rel}","templated":true}]}}