{"id":204,"date":"2022-02-11T02:17:38","date_gmt":"2022-02-11T07:17:38","guid":{"rendered":"https:\/\/pinup-peru.online\/?page_id=204"},"modified":"2022-11-02T03:50:03","modified_gmt":"2022-11-02T08:50:03","slug":"aplicativo-movel","status":"publish","type":"page","link":"https:\/\/pin-up-online-casino.pe\/pt-br\/aplicativo-movel\/","title":{"rendered":"Pin up aplicativo m\u00f3vel online"},"content":{"rendered":"\n<p>Hoje em dia, a cada dia um n\u00famero crescente de apostadores come\u00e7a a visitar estabelecimentos de jogos de azar on-line. As pessoas tendem a ter emo\u00e7\u00f5es de jogo, relaxar depois do trabalho enquanto jogam slots e, se poss\u00edvel, obter uma boa vit\u00f3ria. Normalmente, os jogadores visitam o local do cassino \u00e0 noite, sentados em frente a seu computador. Entretanto, ultimamente, os jogadores experientes querem ter acesso ao seu entretenimento favorito em qualquer lugar e a qualquer hora.<\/p>\n\n\n<div class=\"wp-block-image\">\n<figure class=\"aligncenter size-full\"><img decoding=\"async\" loading=\"lazy\" width=\"1005\" height=\"217\" src=\"https:\/\/pin-up-online-casino.pe\/wp-content\/uploads\/2022\/07\/pu8-1.jpg\" alt=\"Aplicativo m\u00f3vel para pin up\" class=\"wp-image-206\" srcset=\"https:\/\/pin-up-online-casino.pe\/wp-content\/uploads\/2022\/07\/pu8-1.jpg 1005w, https:\/\/pin-up-online-casino.pe\/wp-content\/uploads\/2022\/07\/pu8-1-300x65.jpg 300w, https:\/\/pin-up-online-casino.pe\/wp-content\/uploads\/2022\/07\/pu8-1-768x166.jpg 768w\" sizes=\"(max-width: 1005px) 100vw, 1005px\" \/><figcaption>Aplicativo m\u00f3vel para pin up<\/figcaption><\/figure><\/div>\n\n\n<p>A administra\u00e7\u00e3o do cassino Pin-Up sempre escuta a opini\u00e3o de seus visitantes. Para que os jogadores tenham acesso a jogos divertidos sempre que quiserem, foi desenvolvida uma vers\u00e3o m\u00f3vel do cassino Pin Up. Ele permite que os jogadores estejam sempre atualizados com todos os eventos e joguem slots no \u00f4nibus, nos feriados, na hora do almo\u00e7o e muito mais.<\/p>\n\n\n\n<p>Ao mesmo tempo, os visitantes do site oficial n\u00e3o podem se preocupar em n\u00e3o receber tudo o que o principal recurso do clube fornece. O problema \u00e9 que a vers\u00e3o m\u00f3vel tem todas as funcionalidades e capacidades necess\u00e1rias de um estabelecimento de jogos de azar. A \u00fanica diferen\u00e7a \u00e9 que se trata de uma vers\u00e3o leve do site do cassino Pin-Up, que \u00e9 otimizado para tablets e telefones, e tamb\u00e9m ret\u00e9m todos os elementos essenciais.<\/p>\n\n\n\n<p>Para come\u00e7ar a usar a vers\u00e3o m\u00f3vel do site oficial do cassino Pin Up, n\u00e3o s\u00e3o necess\u00e1rios passos complicados. \u00c9 suficiente ter um smartphone ou tablet normal, bem como acesso \u00e0 Internet. O usu\u00e1rio s\u00f3 precisa ir at\u00e9 o navegador do dispositivo e digitar o nome do cassino na barra de busca. Depois disso, siga o link e voc\u00ea ser\u00e1 automaticamente conectado \u00e0 vers\u00e3o m\u00f3vel do Pin Up.<\/p>\n\n\n\n<h2 class=\"wp-block-heading\">As principais vantagens da vers\u00e3o adaptativa do site<\/h2>\n\n\n\n<p>Nem todos os clientes de clubes de jogos est\u00e3o familiarizados com os benef\u00edcios oferecidos por jogar slots usando o telefone. No entanto, h\u00e1 algumas vantagens nesta forma de passar o tempo. Entre as principais vantagens da vers\u00e3o m\u00f3vel oficial do cassino Pin-Up:<\/p>\n\n\n\n<ul><li>Carregamento r\u00e1pido. Ao contr\u00e1rio de jogar em um computador, quando mesmo pequenos problemas de conex\u00e3o podem tirar um jogador de uma sess\u00e3o vencedora, a velocidade de conex\u00e3o mais fraca \u00e9 suficiente para os ca\u00e7a-n\u00edqueis da vers\u00e3o m\u00f3vel do cassino Pin Up.<\/li><li>Tudo, apenas o mais importante. Na vers\u00e3o m\u00f3vel do cassino Pin Up para smartphones e tablets, n\u00e3o h\u00e1 absolutamente nada sup\u00e9rfluo que possa distrair o usu\u00e1rio do jogo.<\/li><li>Navega\u00e7\u00e3o conveniente. Todas as se\u00e7\u00f5es da p\u00e1gina inicial est\u00e3o convenientemente localizadas e n\u00e3o ser\u00e1 dif\u00edcil encontrar o que voc\u00ea precisa. Jogos, b\u00f4nus, promo\u00e7\u00f5es &#8211; tudo est\u00e1 \u00e0 m\u00e3o.<\/li><li>Suporte para dispositivos mais antigos. O cassino m\u00f3vel Pin-Up pode funcionar sem problemas mesmo em dispositivos antigos e fracos.<\/li><li>Acesso 24 horas por dia. A principal vantagem da vers\u00e3o m\u00f3vel do cassino online Pin Up. Agora os jogadores n\u00e3o t\u00eam que esperar pela noite quando est\u00e3o em casa em frente ao computador. Gra\u00e7as \u00e0 presen\u00e7a de um telefone, voc\u00ea pode ir imediatamente para a sala de jogos e come\u00e7ar a jogar em suas m\u00e1quinas ca\u00e7a-n\u00edqueis favoritas. Al\u00e9m disso, isto permite que voc\u00ea n\u00e3o perca todas as promo\u00e7\u00f5es e torneios mais interessantes do clube.<\/li><li>Seguran\u00e7a. A vers\u00e3o m\u00f3vel foi desenvolvida pelos profissionais mais experientes, para que os clientes do clube possam ter certeza de que seus dados pessoais est\u00e3o completamente seguros.<\/li><li>Disponibilidade. Na vers\u00e3o m\u00f3vel do site do cassino Pin-Up, o jogador tem acesso a absolutamente todas as caracter\u00edsticas e funcionalidades do site oficial do estabelecimento. Os clientes podem facilmente come\u00e7ar a jogar todos os jogos de azar, participar do programa de b\u00f4nus, depositar e sacar fundos usando um smartphone. N\u00e3o \u00e9 necess\u00e1rio nenhum registro adicional. Se voc\u00ea j\u00e1 tem um perfil no site oficial, voc\u00ea pode us\u00e1-lo na vers\u00e3o m\u00f3vel.<\/li><\/ul>\n\n\n\n<p>Al\u00e9m disso, \u00e9 importante conhecer os m\u00e9todos de dep\u00f3sito e saque. Na vers\u00e3o m\u00f3vel, isto pode ser feito usando um cart\u00e3o banc\u00e1rio, e-wallet ou moeda criptogr\u00e1fica.<\/p>\n\n\n\n<p>Portanto, a vers\u00e3o m\u00f3vel do cassino Pin-Up ser\u00e1 uma excelente alternativa ao site oficial para aqueles que passam muito tempo longe de um computador desktop. Com a ajuda do telefone, os jogadores podem entrar na sala de jogos da institui\u00e7\u00e3o a qualquer momento e passar alguns minutos agrad\u00e1veis girando seus dispositivos favoritos. E se a sorte est\u00e1 do lado do jogador, ent\u00e3o ele ou ela pode receber uma boa recompensa monet\u00e1ria como recompensa.<\/p>\n","protected":false},"excerpt":{"rendered":"<p>Hoje em dia, a cada dia um n\u00famero crescente de apostadores come\u00e7a a visitar estabelecimentos de jogos de azar on-line. As pessoas tendem a ter emo\u00e7\u00f5es de jogo, relaxar depois do trabalho enquanto jogam slots e, se poss\u00edvel, obter uma boa vit\u00f3ria. Normalmente, os jogadores visitam o local do cassino \u00e0 noite, sentados em frente [&hellip;]<\/p>\n","protected":false},"author":1,"featured_media":0,"parent":0,"menu_order":0,"comment_status":"open","ping_status":"closed","template":"","meta":{"footnotes":""},"yoast_head":"<!-- This site is optimized with the Yoast SEO plugin v19.5.1 - https:\/\/yoast.com\/wordpress\/plugins\/seo\/ -->\n<title>Pin Up aplicativo m\u00f3vel para Android e IOS<\/title>\n<meta name=\"description\" content=\"Lista de aplicativos para Android e iOS com cassino pinup online. Baixe o aplicativo do Pinup Casino. Aplicativo m\u00f3vel de pin up\" \/>\n<meta name=\"robots\" content=\"index, follow, max-snippet:-1, max-image-preview:large, max-video-preview:-1\" \/>\n<link rel=\"canonical\" href=\"https:\/\/pin-up-online-casino.pe\/pt-br\/aplicativo-movel\/\" \/>\n<meta property=\"og:locale\" content=\"pt_BR\" \/>\n<meta property=\"og:type\" content=\"article\" \/>\n<meta property=\"og:title\" content=\"Pin Up aplicativo m\u00f3vel para Android e IOS\" \/>\n<meta property=\"og:description\" content=\"Lista de aplicativos para Android e iOS com cassino pinup online. Baixe o aplicativo do Pinup Casino. Aplicativo m\u00f3vel de pin up\" \/>\n<meta property=\"og:url\" content=\"https:\/\/pin-up-online-casino.pe\/pt-br\/aplicativo-movel\/\" \/>\n<meta property=\"og:site_name\" content=\"Pin up casino\" \/>\n<meta property=\"article:modified_time\" content=\"2022-11-02T08:50:03+00:00\" \/>\n<meta property=\"og:image\" content=\"https:\/\/pin-up-online-casino.pe\/wp-content\/uploads\/2022\/07\/pu8-1.jpg\" \/>\n<meta name=\"twitter:card\" content=\"summary_large_image\" \/>\n<meta name=\"twitter:label1\" content=\"Est. tempo de leitura\" \/>\n\t<meta name=\"twitter:data1\" content=\"4 minutos\" \/>\n<!-- \/ Yoast SEO plugin. -->","yoast_head_json":{"title":"Pin Up aplicativo m\u00f3vel para Android e IOS","description":"Lista de aplicativos para Android e iOS com cassino pinup online. Baixe o aplicativo do Pinup Casino. Aplicativo m\u00f3vel de pin up","robots":{"index":"index","follow":"follow","max-snippet":"max-snippet:-1","max-image-preview":"max-image-preview:large","max-video-preview":"max-video-preview:-1"},"canonical":"https:\/\/pin-up-online-casino.pe\/pt-br\/aplicativo-movel\/","og_locale":"pt_BR","og_type":"article","og_title":"Pin Up aplicativo m\u00f3vel para Android e IOS","og_description":"Lista de aplicativos para Android e iOS com cassino pinup online. Baixe o aplicativo do Pinup Casino. Aplicativo m\u00f3vel de pin up","og_url":"https:\/\/pin-up-online-casino.pe\/pt-br\/aplicativo-movel\/","og_site_name":"Pin up casino","article_modified_time":"2022-11-02T08:50:03+00:00","og_image":[{"url":"https:\/\/pin-up-online-casino.pe\/wp-content\/uploads\/2022\/07\/pu8-1.jpg"}],"twitter_card":"summary_large_image","twitter_misc":{"Est. tempo de leitura":"4 minutos"},"schema":{"@context":"https:\/\/schema.org","@graph":[{"@type":"WebPage","@id":"https:\/\/pin-up-online-casino.pe\/pt-br\/aplicativo-movel\/","url":"https:\/\/pin-up-online-casino.pe\/pt-br\/aplicativo-movel\/","name":"Pin Up aplicativo m\u00f3vel para Android e IOS","isPartOf":{"@id":"https:\/\/pin-up-online-casino.pe\/#website"},"datePublished":"2022-02-11T07:17:38+00:00","dateModified":"2022-11-02T08:50:03+00:00","description":"Lista de aplicativos para Android e iOS com cassino pinup online. Baixe o aplicativo do Pinup Casino. Aplicativo m\u00f3vel de pin up","breadcrumb":{"@id":"https:\/\/pin-up-online-casino.pe\/pt-br\/aplicativo-movel\/#breadcrumb"},"inLanguage":"pt-BR","potentialAction":[{"@type":"ReadAction","target":["https:\/\/pin-up-online-casino.pe\/pt-br\/aplicativo-movel\/"]}]},{"@type":"BreadcrumbList","@id":"https:\/\/pin-up-online-casino.pe\/pt-br\/aplicativo-movel\/#breadcrumb","itemListElement":[{"@type":"ListItem","position":1,"name":"Portada","item":"https:\/\/pin-up-online-casino.pe\/pt-br\/"},{"@type":"ListItem","position":2,"name":"Pin up aplicativo m\u00f3vel online"}]},{"@type":"WebSite","@id":"https:\/\/pin-up-online-casino.pe\/#website","url":"https:\/\/pin-up-online-casino.pe\/","name":"Pin up casino","description":"","publisher":{"@id":"https:\/\/pin-up-online-casino.pe\/#organization"},"potentialAction":[{"@type":"SearchAction","target":{"@type":"EntryPoint","urlTemplate":"https:\/\/pin-up-online-casino.pe\/?s={search_term_string}"},"query-input":"required name=search_term_string"}],"inLanguage":"pt-BR"},{"@type":"Organization","@id":"https:\/\/pin-up-online-casino.pe\/#organization","name":"Pin up casino","url":"https:\/\/pin-up-online-casino.pe\/","sameAs":[],"logo":{"@type":"ImageObject","inLanguage":"pt-BR","@id":"https:\/\/pin-up-online-casino.pe\/#\/schema\/logo\/image\/","url":"https:\/\/pin-up-online-casino.pe\/wp-content\/uploads\/2022\/08\/pin-up-logo.png","contentUrl":"https:\/\/pin-up-online-casino.pe\/wp-content\/uploads\/2022\/08\/pin-up-logo.png","width":320,"height":124,"caption":"Pin up casino"},"image":{"@id":"https:\/\/pin-up-online-casino.pe\/#\/schema\/logo\/image\/"}}]}},"_links":{"self":[{"href":"https:\/\/pin-up-online-casino.pe\/pt-br\/wp-json\/wp\/v2\/pages\/204"}],"collection":[{"href":"https:\/\/pin-up-online-casino.pe\/pt-br\/wp-json\/wp\/v2\/pages"}],"about":[{"href":"https:\/\/pin-up-online-casino.pe\/pt-br\/wp-json\/wp\/v2\/types\/page"}],"author":[{"embeddable":true,"href":"https:\/\/pin-up-online-casino.pe\/pt-br\/wp-json\/wp\/v2\/users\/1"}],"replies":[{"embeddable":true,"href":"https:\/\/pin-up-online-casino.pe\/pt-br\/wp-json\/wp\/v2\/comments?post=204"}],"version-history":[{"count":6,"href":"https:\/\/pin-up-online-casino.pe\/pt-br\/wp-json\/wp\/v2\/pages\/204\/revisions"}],"predecessor-version":[{"id":376,"href":"https:\/\/pin-up-online-casino.pe\/pt-br\/wp-json\/wp\/v2\/pages\/204\/revisions\/376"}],"wp:attachment":[{"href":"https:\/\/pin-up-online-casino.pe\/pt-br\/wp-json\/wp\/v2\/media?parent=204"}],"curies":[{"name":"wp","href":"https:\/\/api.w.org\/{rel}","templated":true}]}}