{"id":197,"date":"2022-02-11T02:18:03","date_gmt":"2022-02-11T07:18:03","guid":{"rendered":"https:\/\/pinup-peru.online\/?page_id=197"},"modified":"2022-11-02T03:50:02","modified_gmt":"2022-11-02T08:50:02","slug":"bonus","status":"publish","type":"page","link":"https:\/\/pin-up-online-casino.pe\/pt-br\/bonus\/","title":{"rendered":"B\u00f4nus atuais no cassino Pin-up: Pin up bonnos"},"content":{"rendered":"\n<h2 class=\"wp-block-heading\">Que b\u00f4nus o Pin Up oferece<\/h2>\n\n\n\n<p>Os usu\u00e1rios do pin-up-online-casino.pe podem usar c\u00f3digos promocionais que oferecem b\u00f4nus exclusivos no Pin Up &#8211; pacotes de boas-vindas, freespins e dinheiro para dep\u00f3sitos, presentes de anivers\u00e1rio.<\/p>\n\n\n\n<h3 class=\"wp-block-heading\">Freespins<\/h3>\n\n\n\n<p>As rodadas gr\u00e1tis no Pin Up Casino n\u00e3o est\u00e3o dispon\u00edveis para registro, mas voc\u00ea pode obt\u00ea-las se usar o c\u00f3digo promocional pin-up-online-casino.pe em seu primeiro dep\u00f3sito de mais de 2.000 rublos. O jogador recebe 250 giros gr\u00e1tis, 50 dos quais s\u00e3o creditados imediatamente e os 200 restantes s\u00e3o distribu\u00eddos em 40 partes ao longo de cinco dias. Os ganhos atrav\u00e9s de giros livres requerem uma aposta de x50.<\/p>\n\n\n\n<figure class=\"wp-block-image size-full is-resized\"><img decoding=\"async\" loading=\"lazy\" src=\"https:\/\/pin-up-online-casino.pe\/wp-content\/uploads\/2022\/07\/pu7.jpg\" alt=\"b\u00f4nus pin up\" class=\"wp-image-199\" width=\"760\" height=\"317\" srcset=\"https:\/\/pin-up-online-casino.pe\/wp-content\/uploads\/2022\/07\/pu7.jpg 760w, https:\/\/pin-up-online-casino.pe\/wp-content\/uploads\/2022\/07\/pu7-300x125.jpg 300w\" sizes=\"(max-width: 760px) 100vw, 760px\" \/><figcaption>b\u00f4nus pin up<\/figcaption><\/figure>\n\n\n\n<h3 class=\"wp-block-heading\">Bem-vindo<\/h3>\n\n\n\n<p>N\u00e3o h\u00e1 necessidade de especificar um c\u00f3digo de b\u00f4nus real para Pin Up quando voc\u00ea se registra no cassino para usar um dos pacotes iniciais, pois voc\u00ea pode ativar um deles posteriormente em qualquer momento conveniente, sem limite de tempo. O operador oferece aos rec\u00e9m-chegados a escolha de tr\u00eas pacotes de b\u00f4nus. Para conseguir o que voc\u00ea gosta, voc\u00ea tem que carregar uma certa quantia em sua conta.<\/p>\n\n\n\n<h3 class=\"wp-block-heading\">Presente de anivers\u00e1rio<\/h3>\n\n\n\n<p>Com a palavra-chave pin-up-online-casino.pe, os aniversariantes recebem um presente de $30, que est\u00e1 dispon\u00edvel por 72 horas a partir do momento do credenciamento. Se o jogador n\u00e3o tiver tempo para utiliz\u00e1-la, a quantia ser\u00e1 perdida. O presente pode ser recebido dentro de uma semana ap\u00f3s o anivers\u00e1rio. A promo\u00e7\u00e3o s\u00f3 est\u00e1 dispon\u00edvel aos jogadores que verificaram sua conta e documentaram sua data de nascimento. A aposta padr\u00e3o \u00e9 x50.<\/p>\n\n\n\n<h2 class=\"wp-block-heading\">Como retirar seus ganhos<\/h2>\n\n\n\n<p>N\u00e3o h\u00e1 c\u00f3digo promocional Pin Up 2022 Casino para o b\u00f4nus sem dep\u00f3sito, e para retirar os valores do b\u00f4nus de dep\u00f3sito ou ganhos das rodadas gr\u00e1tis, as condi\u00e7\u00f5es estabelecidas pelo operador devem ser cumpridas.<\/p>\n\n\n<div class=\"wp-block-image\">\n<figure class=\"aligncenter size-full\"><img decoding=\"async\" loading=\"lazy\" width=\"1004\" height=\"220\" src=\"https:\/\/pin-up-online-casino.pe\/wp-content\/uploads\/2022\/07\/pu8.jpg\" alt=\"b\u00f4nus pin up\" class=\"wp-image-201\" srcset=\"https:\/\/pin-up-online-casino.pe\/wp-content\/uploads\/2022\/07\/pu8.jpg 1004w, https:\/\/pin-up-online-casino.pe\/wp-content\/uploads\/2022\/07\/pu8-300x66.jpg 300w, https:\/\/pin-up-online-casino.pe\/wp-content\/uploads\/2022\/07\/pu8-768x168.jpg 768w\" sizes=\"(max-width: 1004px) 100vw, 1004px\" \/><figcaption>b\u00f4nus pin up<\/figcaption><\/figure><\/div>\n\n\n<p>Todo o dinheiro recebido atrav\u00e9s de promo\u00e7\u00f5es vai primeiro para o saldo de b\u00f4nus do jogador e \u00e9 mantido separado da conta principal em dinheiro. Quando o jogador atende aos requisitos de apostas, o dinheiro no saldo do b\u00f4nus \u00e9 transferido para o saldo principal e fica dispon\u00edvel para saque. Nos jogos, os fundos de b\u00f4nus s\u00e3o gastos primeiro e depois o dinheiro come\u00e7a a ser deduzido da conta principal.<\/p>\n\n\n\n<h3 class=\"wp-block-heading\">Como apostar o b\u00f4nus corretamente<\/h3>\n\n\n\n<p>Sob os termos do Acordo de Usu\u00e1rio, voc\u00ea pode apostar o dinheiro recebido do cassino com apostas de n\u00e3o mais do que 300 rublos. Neste caso, as apostas incluem apenas aquelas em m\u00e1quinas ca\u00e7a-n\u00edqueis, mas n\u00e3o todas elas. A lista de exce\u00e7\u00f5es inclui The Wish Master, Sin City Nights, Legacy of Ra, 888 Gold e alguns outros t\u00edtulos. Para uma lista completa dos slots de v\u00eddeo, cujos riscos n\u00e3o contam para a aposta, consulte nossa p\u00e1gina de Termos e Condi\u00e7\u00f5es. N\u00e3o \u00e9 poss\u00edvel ganhar de volta dinheiro de b\u00f4nus jogando blackjack, p\u00f4quer ou jogos ao vivo.<\/p>\n","protected":false},"excerpt":{"rendered":"<p>Que b\u00f4nus o Pin Up oferece Os usu\u00e1rios do pin-up-online-casino.pe podem usar c\u00f3digos promocionais que oferecem b\u00f4nus exclusivos no Pin Up &#8211; pacotes de boas-vindas, freespins e dinheiro para dep\u00f3sitos, presentes de anivers\u00e1rio. Freespins As rodadas gr\u00e1tis no Pin Up Casino n\u00e3o est\u00e3o dispon\u00edveis para registro, mas voc\u00ea pode obt\u00ea-las se usar o c\u00f3digo promocional [&hellip;]<\/p>\n","protected":false},"author":1,"featured_media":0,"parent":0,"menu_order":0,"comment_status":"open","ping_status":"closed","template":"","meta":{"footnotes":""},"yoast_head":"<!-- This site is optimized with the Yoast SEO plugin v19.5.1 - https:\/\/yoast.com\/wordpress\/plugins\/seo\/ -->\n<title>Pin up bonnos | C\u00f3mo obtener un bono de dep\u00f3sito en Pinup<\/title>\n<meta name=\"description\" content=\"Instru\u00e7\u00f5es sobre como obter um b\u00f4nus em dinheiro real no cassino online Pinup | Como obter Pin up bonnos | Pin up bonnos 250FS\" \/>\n<meta name=\"robots\" content=\"index, follow, max-snippet:-1, max-image-preview:large, max-video-preview:-1\" \/>\n<link rel=\"canonical\" href=\"https:\/\/pin-up-online-casino.pe\/pt-br\/bonus\/\" \/>\n<meta property=\"og:locale\" content=\"pt_BR\" \/>\n<meta property=\"og:type\" content=\"article\" \/>\n<meta property=\"og:title\" content=\"Pin up bonnos | C\u00f3mo obtener un bono de dep\u00f3sito en Pinup\" \/>\n<meta property=\"og:description\" content=\"Instru\u00e7\u00f5es sobre como obter um b\u00f4nus em dinheiro real no cassino online Pinup | Como obter Pin up bonnos | Pin up bonnos 250FS\" \/>\n<meta property=\"og:url\" content=\"https:\/\/pin-up-online-casino.pe\/pt-br\/bonus\/\" \/>\n<meta property=\"og:site_name\" content=\"Pin up casino\" \/>\n<meta property=\"article:modified_time\" content=\"2022-11-02T08:50:02+00:00\" \/>\n<meta property=\"og:image\" content=\"https:\/\/pin-up-online-casino.pe\/wp-content\/uploads\/2022\/07\/pu7.jpg\" \/>\n<meta name=\"twitter:card\" content=\"summary_large_image\" \/>\n<meta name=\"twitter:label1\" content=\"Est. tempo de leitura\" \/>\n\t<meta name=\"twitter:data1\" content=\"3 minutos\" \/>\n<!-- \/ Yoast SEO plugin. -->","yoast_head_json":{"title":"Pin up bonnos | C\u00f3mo obtener un bono de dep\u00f3sito en Pinup","description":"Instru\u00e7\u00f5es sobre como obter um b\u00f4nus em dinheiro real no cassino online Pinup | Como obter Pin up bonnos | Pin up bonnos 250FS","robots":{"index":"index","follow":"follow","max-snippet":"max-snippet:-1","max-image-preview":"max-image-preview:large","max-video-preview":"max-video-preview:-1"},"canonical":"https:\/\/pin-up-online-casino.pe\/pt-br\/bonus\/","og_locale":"pt_BR","og_type":"article","og_title":"Pin up bonnos | C\u00f3mo obtener un bono de dep\u00f3sito en Pinup","og_description":"Instru\u00e7\u00f5es sobre como obter um b\u00f4nus em dinheiro real no cassino online Pinup | Como obter Pin up bonnos | Pin up bonnos 250FS","og_url":"https:\/\/pin-up-online-casino.pe\/pt-br\/bonus\/","og_site_name":"Pin up casino","article_modified_time":"2022-11-02T08:50:02+00:00","og_image":[{"url":"https:\/\/pin-up-online-casino.pe\/wp-content\/uploads\/2022\/07\/pu7.jpg"}],"twitter_card":"summary_large_image","twitter_misc":{"Est. tempo de leitura":"3 minutos"},"schema":{"@context":"https:\/\/schema.org","@graph":[{"@type":"WebPage","@id":"https:\/\/pin-up-online-casino.pe\/pt-br\/bonus\/","url":"https:\/\/pin-up-online-casino.pe\/pt-br\/bonus\/","name":"Pin up bonnos | C\u00f3mo obtener un bono de dep\u00f3sito en Pinup","isPartOf":{"@id":"https:\/\/pin-up-online-casino.pe\/#website"},"datePublished":"2022-02-11T07:18:03+00:00","dateModified":"2022-11-02T08:50:02+00:00","description":"Instru\u00e7\u00f5es sobre como obter um b\u00f4nus em dinheiro real no cassino online Pinup | Como obter Pin up bonnos | Pin up bonnos 250FS","breadcrumb":{"@id":"https:\/\/pin-up-online-casino.pe\/pt-br\/bonus\/#breadcrumb"},"inLanguage":"pt-BR","potentialAction":[{"@type":"ReadAction","target":["https:\/\/pin-up-online-casino.pe\/pt-br\/bonus\/"]}]},{"@type":"BreadcrumbList","@id":"https:\/\/pin-up-online-casino.pe\/pt-br\/bonus\/#breadcrumb","itemListElement":[{"@type":"ListItem","position":1,"name":"Portada","item":"https:\/\/pin-up-online-casino.pe\/pt-br\/"},{"@type":"ListItem","position":2,"name":"B\u00f4nus atuais no cassino Pin-up: Pin up bonnos"}]},{"@type":"WebSite","@id":"https:\/\/pin-up-online-casino.pe\/#website","url":"https:\/\/pin-up-online-casino.pe\/","name":"Pin up casino","description":"","publisher":{"@id":"https:\/\/pin-up-online-casino.pe\/#organization"},"potentialAction":[{"@type":"SearchAction","target":{"@type":"EntryPoint","urlTemplate":"https:\/\/pin-up-online-casino.pe\/?s={search_term_string}"},"query-input":"required name=search_term_string"}],"inLanguage":"pt-BR"},{"@type":"Organization","@id":"https:\/\/pin-up-online-casino.pe\/#organization","name":"Pin up casino","url":"https:\/\/pin-up-online-casino.pe\/","sameAs":[],"logo":{"@type":"ImageObject","inLanguage":"pt-BR","@id":"https:\/\/pin-up-online-casino.pe\/#\/schema\/logo\/image\/","url":"https:\/\/pin-up-online-casino.pe\/wp-content\/uploads\/2022\/08\/pin-up-logo.png","contentUrl":"https:\/\/pin-up-online-casino.pe\/wp-content\/uploads\/2022\/08\/pin-up-logo.png","width":320,"height":124,"caption":"Pin up casino"},"image":{"@id":"https:\/\/pin-up-online-casino.pe\/#\/schema\/logo\/image\/"}}]}},"_links":{"self":[{"href":"https:\/\/pin-up-online-casino.pe\/pt-br\/wp-json\/wp\/v2\/pages\/197"}],"collection":[{"href":"https:\/\/pin-up-online-casino.pe\/pt-br\/wp-json\/wp\/v2\/pages"}],"about":[{"href":"https:\/\/pin-up-online-casino.pe\/pt-br\/wp-json\/wp\/v2\/types\/page"}],"author":[{"embeddable":true,"href":"https:\/\/pin-up-online-casino.pe\/pt-br\/wp-json\/wp\/v2\/users\/1"}],"replies":[{"embeddable":true,"href":"https:\/\/pin-up-online-casino.pe\/pt-br\/wp-json\/wp\/v2\/comments?post=197"}],"version-history":[{"count":4,"href":"https:\/\/pin-up-online-casino.pe\/pt-br\/wp-json\/wp\/v2\/pages\/197\/revisions"}],"predecessor-version":[{"id":371,"href":"https:\/\/pin-up-online-casino.pe\/pt-br\/wp-json\/wp\/v2\/pages\/197\/revisions\/371"}],"wp:attachment":[{"href":"https:\/\/pin-up-online-casino.pe\/pt-br\/wp-json\/wp\/v2\/media?parent=197"}],"curies":[{"name":"wp","href":"https:\/\/api.w.org\/{rel}","templated":true}]}}