{"id":185,"date":"2022-02-10T17:03:46","date_gmt":"2022-02-10T22:03:46","guid":{"rendered":"https:\/\/pinup-peru.online\/?page_id=185"},"modified":"2022-11-02T03:50:04","modified_gmt":"2022-11-02T08:50:04","slug":"pin-up-site-oficial-do-casino","status":"publish","type":"page","link":"https:\/\/pin-up-online-casino.pe\/pt-br\/","title":{"rendered":"Pin up Site Oficial do Casino"},"content":{"rendered":"\n<h2 class=\"wp-block-heading\">Caracter\u00edsticas principais<\/h2>\n\n\n\n<figure class=\"wp-block-table\"><table><tbody><tr><td>B\u00f4nus\ud83c\udf81<\/td><td>1000R$ + 250 FS<\/td><\/tr><tr><td>C\u00f3digo promocional\ud83d\udd79\ufe0f<\/td><td>PINUP<\/td><\/tr><tr><td>Licen\u00e7a\u26bd<\/td><td>Cura\u00e7ao, CRAIL<\/td><\/tr><tr><td>Moeda<\/td><td>d\u00f3lares, euros, etc.<\/td><\/tr><tr><td>Dep\u00f3sito m\u00ednimo\ud83d\udcb2<\/td><td>10R$<\/td><\/tr><tr><td>Sa\u00edda m\u00ednima\ud83d\udcb2<\/td><td>10R$<\/td><\/tr><tr><td>Vers\u00e3o m\u00f3vel\ud83d\udcf1<\/td><td>Sim<\/td><\/tr><tr><td>Aplicativo m\u00f3vel\ud83d\udcf1<\/td><td>Android\/iOS<\/td><\/tr><tr><td>M\u00e1quinas ca\u00e7a-n\u00edqueis<\/td><td>Slots, Roleta, Blackjack, Bacar\u00e1, Loterias, V\u00eddeo Poker, Bingo, Keno<\/td><\/tr><tr><td>Registro\ud83c\udf81<\/td><td>telefone, e-mail<\/td><\/tr><tr><td>Verifica\ud83c\udccf<\/td><td>Passaporte<\/td><\/tr><\/tbody><\/table><figcaption>cassino pin-up<\/figcaption><\/figure>\n\n\n\n<h3 class=\"wp-block-heading\" id=\"seguridad\">Seguran\u00e7a<\/h3>\n\n\n\n<p>Os dados banc\u00e1rios dos jogadores s\u00e3o protegidos por criptografia SSL de \u00faltima gera\u00e7\u00e3o. Portanto, os usu\u00e1rios podem estar seguros tanto ao depositar quanto ao sacar sem medo de privacidade.<\/p>\n\n\n\n<h3 class=\"wp-block-heading\" id=\"impuesto-sobre-las-ganancias\">Imposto de Renda<\/h3>\n\n\n\n<p>O jogador recebe seus ganhos menos impostos.<\/p>\n\n\n\n<h3 class=\"wp-block-heading\" id=\"diseno-e-interfaz-del-sitio-web-oficial-de-pin-up-casino\">Design e interface do site oficial do Pin Up Casino<\/h3>\n\n\n\n<p>O design do Pin Up Casino \u00e9 brilhante e colorido, assim como seu nome. As cores b\u00e1sicas do site s\u00e3o vermelho, preto e verde. As sombras n\u00e3o machucam os olhos, n\u00e3o h\u00e1 banners piscando ou publicidade intrusiva na p\u00e1gina.<\/p>\n\n\n\n<figure class=\"wp-block-image size-full\"><img decoding=\"async\" loading=\"lazy\" width=\"1012\" height=\"393\" src=\"https:\/\/pin-up-online-casino.pe\/wp-content\/uploads\/2022\/02\/pu2.jpg\" alt=\"cassino pin-up\" class=\"wp-image-35\" srcset=\"https:\/\/pin-up-online-casino.pe\/wp-content\/uploads\/2022\/02\/pu2.jpg 1012w, https:\/\/pin-up-online-casino.pe\/wp-content\/uploads\/2022\/02\/pu2-300x117.jpg 300w, https:\/\/pin-up-online-casino.pe\/wp-content\/uploads\/2022\/02\/pu2-768x298.jpg 768w\" sizes=\"(max-width: 1012px) 100vw, 1012px\" \/><figcaption>cassino pin-up<\/figcaption><\/figure>\n\n\n\n<p>A interface do Pin Up Casino \u00e9 clara mesmo para os rec\u00e9m-chegados. No painel superior est\u00e3o os bot\u00f5es de logo, login e registro. Logo abaixo est\u00e3o todas as se\u00e7\u00f5es populares:<\/p>\n\n\n\n<ul><li>cassino<\/li><li>traficantes ao vivo<\/li><li>Esportes<\/li><li>A\u00e7\u00f5es<\/li><li>moedas<\/li><li>PERGUNTAS E RESPOSTAS<\/li><li>mudan\u00e7as de idioma<\/li><\/ul>\n\n\n\n<p>Os clientes podem ter d\u00favidas sobre a guia &#8220;esportes&#8221;. E \u00e9 que Pin Up n\u00e3o \u00e9 apenas um cassino, mas tamb\u00e9m uma casa de apostas. Aqui voc\u00ea pode girar os ca\u00e7a-n\u00edqueis e fazer apostas. \u00c9 muito conveniente!<\/p>\n\n\n\n<p>No centro da p\u00e1gina est\u00e3o banners anunciando b\u00f4nus e novos slots. Depois, h\u00e1 os maiores jogos da semana, os que est\u00e3o ganhando agora e os maiores jogos do m\u00eas. O centro da p\u00e1gina cont\u00e9m todo o entretenimento e suas categorias:<\/p>\n\n\n\n<ul><li>Novidades<\/li><li>slots<\/li><li>a roleta<\/li><li>jogos de cartas<\/li><\/ul>\n\n\n\n<p>Na parte inferior est\u00e1 a caixa de informa\u00e7\u00f5es. Aqui voc\u00ea encontrar\u00e1 o logotipo da empresa que emitiu a licen\u00e7a, os termos e condi\u00e7\u00f5es, informa\u00e7\u00f5es, o programa de afiliados e uma lista de m\u00e9todos de pagamento.<\/p>\n\n\n\n<h3 class=\"wp-block-heading\" id=\"casino-movil-pin-up\">Pin Up Casino M\u00f3vel<\/h3>\n\n\n\n<p>O Pin Up Casino, como qualquer outro estabelecimento que se preze, possui uma vers\u00e3o m\u00f3vel e um aplicativo para download. Eles mant\u00eam todas as funcionalidades e s\u00e3o praticamente indistingu\u00edveis do site do PC. Vamos falar sobre cada um deles com mais detalhes.<\/p>\n\n\n\n<h3 class=\"wp-block-heading\" id=\"version-movil\">Vers\u00e3o m\u00f3vel<\/h3>\n\n\n\n<p>A interface da vers\u00e3o dextop \u00e9 id\u00eantica, ent\u00e3o voc\u00ea n\u00e3o ter\u00e1 que se acostumar com um design diferente. Esta \u00e9 uma vantagem definitiva. As possibilidades n\u00e3o s\u00e3o limitadas em tudo. Aqui voc\u00ea pode fazer dep\u00f3sitos, girar slots, retirar ganhos e participar de promo\u00e7\u00f5es. A gama de jogos \u00e9 completa, n\u00e3o h\u00e1 exce\u00e7\u00f5es.<\/p>\n\n\n\n<p>Existem algumas nuances que valem a pena prestar aten\u00e7\u00e3o.<\/p>\n\n\n\n<ul><li>Todos os itens do menu s\u00e3o reunidos em uma guia lateral separada. Ele pode ser chamado clicando nas tr\u00eas barras horizontais.<\/li><li>Ao rolar para baixo o cinto da m\u00e1quina ca\u00e7a-n\u00edqueis, dois se encaixam horizontalmente. Na vers\u00e3o para PC, h\u00e1 cinco de cada.<\/li><li>A barra do navegador ir\u00e1 interferir visualmente no jogo. Mas pode ser escondido, ent\u00e3o n\u00e3o pode ser chamado de desvantagem.<\/li><\/ul>\n\n\n\n<h3 class=\"wp-block-heading\" id=\"aplicacion-movil\">Aplicativo m\u00f3vel<\/h3>\n\n\n\n<p>Hoje em dia quase todos os cassinos est\u00e3o desistindo do aplicativo. Mas h\u00e1 um &#8220;mas&#8221;: quando os espelhos Pin Up estiverem ativamente bloqueados, ele funcionar\u00e1. Com uma conex\u00e3o de Internet fraca, a vers\u00e3o para download ser\u00e1 um salva-vidas. N\u00e3o consome muito tr\u00e1fego de internet e carrega mais r\u00e1pido. Voc\u00ea pode instalar o aplicativo oficial no site na parte inferior da p\u00e1gina.<\/p>\n\n\n\n<h2 class=\"wp-block-heading\" id=\"juegos-de-casino-pin-up\">Jogos de Cassino Pin Up<\/h2>\n\n\n\n<p id=\"juegos-de-casino-pin-up\">O Pin Up Casino tem cerca de 2.600 jogos, a maioria dos quais s\u00e3o ca\u00e7a-n\u00edqueis. Todo o entretenimento est\u00e1 listado em um menu separado. Os jogos com dealer ao vivo n\u00e3o pertencem ao cassino, mas s\u00e3o colocados em um chip separado.<\/p>\n\n\n\n<p>O software \u00e9 fornecido por 31 fornecedores, 6 dos quais especializados em entretenimento ao vivo. Como afirmado, a maioria dos provedores n\u00e3o s\u00e3o muito conhecidos.<\/p>\n\n\n\n<h3 class=\"wp-block-heading\" id=\"ranuraslas-tragaperras-son-la-parte-principal-de-los-juegos-de-pin-up-con-alrededor-de-2-000-de-ellas-representadas-aqui-todos-ellos-se-colocan-en-la-pestana-del-mismo-nombre\">Slots<\/h3>\n\n\n\n<p id=\"ranuraslas-tragaperras-son-la-parte-principal-de-los-juegos-de-pin-up-con-alrededor-de-2-000-de-ellas-representadas-aqui-todos-ellos-se-colocan-en-la-pestana-del-mismo-nombre\">Os slots s\u00e3o a parte principal dos jogos Pin Up, com cerca de 2.000 deles representados aqui. Todos eles s\u00e3o colocados na guia de mesmo nome.<\/p>\n\n\n\n<p>Os slots mais populares no Pin Up s\u00e3o de produ\u00e7\u00e3o nacional (da Igrosoft e da Belatra). Outras m\u00e1quinas de desenvolvedores estrangeiros (pouco conhecidas e populares) tamb\u00e9m s\u00e3o encontradas no site.<\/p>\n\n\n\n<p>Se falarmos dos temas de design e entretenimento, tudo \u00e9 feito ao mais alto n\u00edvel. Todos encontrar\u00e3o algo para si que definitivamente adicionar\u00e3o aos seus &#8220;Favoritos&#8221;.<\/p>\n\n\n\n<p>De referir que a Pin Up disp\u00f5e de v\u00e1rias m\u00e1quinas com jackpots progressivos. Eles n\u00e3o s\u00e3o destacados em uma guia separada, ent\u00e3o voc\u00ea ter\u00e1 que procur\u00e1-los voc\u00ea mesmo.<\/p>\n\n\n\n<h2 class=\"wp-block-heading\" id=\"juegos-en-vivo\">Jogos ao vivo<\/h2>\n\n\n\n<p id=\"juegos-en-vivo\">O Pin Up Casino \u00e9 popular entre os f\u00e3s de jogos com dealers reais, pois voc\u00ea n\u00e3o encontrar\u00e1 essa variedade em nenhum outro lugar. O site trabalha com seis provedores especializados exclusivamente em entretenimento ao vivo.<\/p>\n\n\n\n<p>Se voc\u00ea quiser jogar com a aposta m\u00ednima (a partir de 0.1$), acesse o site oficial do Pin Up Casino. As mesas com apostas m\u00e1ximas (at\u00e9 500 mil) abrem somente ap\u00f3s as 19:00.<\/p>\n\n\n\n<h2 class=\"wp-block-heading\" id=\"registrarse-en-pinup\">Inscreva-se no Pinup<\/h2>\n\n\n\n<p>O site do Pin Up Casino n\u00e3o permite que usu\u00e1rios da Litu\u00e2nia, Let\u00f4nia e muitos pa\u00edses europeus se registrem. A lista completa pode ser conferida no site oficial.<\/p>\n\n\n\n<p>O registro leva apenas alguns minutos. O principal \u00e9 fornecer informa\u00e7\u00f5es verdadeiras sobre voc\u00ea (caso contr\u00e1rio, voc\u00ea pode ser acusado de fraude e bloquear sua conta).<\/p>\n\n\n\n<figure class=\"wp-block-image size-large\"><img decoding=\"async\" loading=\"lazy\" width=\"1024\" height=\"479\" src=\"https:\/\/pin-up-online-casino.pe\/wp-content\/uploads\/2022\/02\/pu3-1024x479.jpg\" alt=\"cassino pin-up\" class=\"wp-image-44\" srcset=\"https:\/\/pin-up-online-casino.pe\/wp-content\/uploads\/2022\/02\/pu3-1024x479.jpg 1024w, https:\/\/pin-up-online-casino.pe\/wp-content\/uploads\/2022\/02\/pu3-300x140.jpg 300w, https:\/\/pin-up-online-casino.pe\/wp-content\/uploads\/2022\/02\/pu3-768x359.jpg 768w, https:\/\/pin-up-online-casino.pe\/wp-content\/uploads\/2022\/02\/pu3.jpg 1347w\" sizes=\"(max-width: 1024px) 100vw, 1024px\" \/><figcaption>cassino pin-up<\/figcaption><\/figure>\n\n\n\n<p>Ap\u00f3s o registro, voc\u00ea ser\u00e1 solicitado a escolher uma moeda conveniente para depositar e sacar. Entre eles est\u00e3o o sol, o usd, a soma e o euro. Esta \u00e9 uma clara vantagem para os jogadores da CEI. D\u00f3lar e Euro tamb\u00e9m est\u00e3o dispon\u00edveis.<\/p>\n\n\n\n<h3 class=\"wp-block-heading\" id=\"instrucciones-para-inscribirse\">Instru\u00e7\u00f5es para se inscrever<\/h3>\n\n\n\n<p>Para come\u00e7ar a jogar Pin Up por dinheiro, voc\u00ea precisa criar uma conta. Voc\u00ea pode fazer de duas maneiras:<\/p>\n\n\n\n<ul><li>especificando um n\u00famero de telefone;<\/li><li>Especificando um e-mail.<\/li><\/ul>\n\n\n\n<p>Voc\u00ea deve escolher uma das op\u00e7\u00f5es. Na verdade, eles s\u00e3o equivalentes, ent\u00e3o fa\u00e7a sua escolha com base em suas prefer\u00eancias pessoais.<\/p>\n\n\n\n<p>Em seguida, voc\u00ea precisa confirmar seu telefone ou e-mail, criar uma senha, escolher uma moeda e concordar com todas as regras.<\/p>\n\n\n\n<p>Em seguida, voc\u00ea precisar\u00e1 inserir alguns dados pessoais (o principal \u00e9 a autenticidade!):<\/p>\n\n\n\n<ul><li>NOME COMPLETO;<\/li><li>data de nascimento;<\/li><li>o genero;<\/li><li>pa\u00eds de resid\u00eancia;<\/li><li>cidade;<\/li><li>Endere\u00e7o detalhado;<\/li><li>C\u00f3digo postal.<\/li><\/ul>\n\n\n\n<h3 class=\"wp-block-heading\" id=\"verificacion\">Verifica<\/h3>\n\n\n\n<p>A verifica\u00e7\u00e3o n\u00e3o \u00e9 obrigat\u00f3ria para saques, mas pode ser solicitada a qualquer momento pela empresa. Neste caso, o usu\u00e1rio deve fornecer os seguintes documentos<\/p>\n\n\n\n<ul><li>sua foto;<\/li><li>uma foto de passaporte;<\/li><li>foto do cart\u00e3o de cr\u00e9dito em ambos os lados (ou se voc\u00ea usar qualquer outro m\u00e9todo de pagamento, fa\u00e7a upload de uma captura de tela da sua conta que possa confirmar o dep\u00f3sito).<\/li><\/ul>\n\n\n\n<p>A verifica\u00e7\u00e3o demora entre 24 e 72 horas.<\/p>\n","protected":false},"excerpt":{"rendered":"<p>Caracter\u00edsticas principais B\u00f4nus\ud83c\udf81 1000R$ + 250 FS C\u00f3digo promocional\ud83d\udd79\ufe0f PINUP Licen\u00e7a\u26bd Cura\u00e7ao, CRAIL Moeda d\u00f3lares, euros, etc. Dep\u00f3sito m\u00ednimo\ud83d\udcb2 10R$ Sa\u00edda m\u00ednima\ud83d\udcb2 10R$ Vers\u00e3o m\u00f3vel\ud83d\udcf1 Sim Aplicativo m\u00f3vel\ud83d\udcf1 Android\/iOS M\u00e1quinas ca\u00e7a-n\u00edqueis Slots, Roleta, Blackjack, Bacar\u00e1, Loterias, V\u00eddeo Poker, Bingo, Keno Registro\ud83c\udf81 telefone, e-mail Verifica\ud83c\udccf Passaporte cassino pin-up Seguran\u00e7a Os dados banc\u00e1rios dos jogadores s\u00e3o protegidos [&hellip;]<\/p>\n","protected":false},"author":1,"featured_media":0,"parent":0,"menu_order":0,"comment_status":"open","ping_status":"open","template":"","meta":{"footnotes":""},"yoast_head":"<!-- This site is optimized with the Yoast SEO plugin v19.5.1 - https:\/\/yoast.com\/wordpress\/plugins\/seo\/ -->\n<title>Cassino Oficial Pin up on-line | Jogar Pin up Cassino site oficial<\/title>\n<meta name=\"description\" content=\"Pinup casino \u00e9 o site oficial de apostas esportivas no Peru, que inclui duas categorias populares: apostas esportivas e cassino.\" \/>\n<meta name=\"robots\" content=\"index, follow, max-snippet:-1, max-image-preview:large, max-video-preview:-1\" \/>\n<link rel=\"canonical\" href=\"https:\/\/pin-up-online-casino.pe\/pt-br\/\" \/>\n<meta property=\"og:locale\" content=\"pt_BR\" \/>\n<meta property=\"og:type\" content=\"article\" \/>\n<meta property=\"og:title\" content=\"Cassino Oficial Pin up on-line | Jogar Pin up Cassino site oficial\" \/>\n<meta property=\"og:description\" content=\"Pinup casino \u00e9 o site oficial de apostas esportivas no Peru, que inclui duas categorias populares: apostas esportivas e cassino.\" \/>\n<meta property=\"og:url\" content=\"https:\/\/pin-up-online-casino.pe\/pt-br\/\" \/>\n<meta property=\"og:site_name\" content=\"Pin up casino\" \/>\n<meta property=\"article:modified_time\" content=\"2022-11-02T08:50:04+00:00\" \/>\n<meta property=\"og:image\" content=\"https:\/\/pin-up-online-casino.pe\/wp-content\/uploads\/2022\/02\/pu2.jpg\" \/>\n<meta name=\"twitter:card\" content=\"summary_large_image\" \/>\n<meta name=\"twitter:label1\" content=\"Est. tempo de leitura\" \/>\n\t<meta name=\"twitter:data1\" content=\"6 minutos\" \/>\n<!-- \/ Yoast SEO plugin. -->","yoast_head_json":{"title":"Cassino Oficial Pin up on-line | Jogar Pin up Cassino site oficial","description":"Pinup casino \u00e9 o site oficial de apostas esportivas no Peru, que inclui duas categorias populares: apostas esportivas e cassino.","robots":{"index":"index","follow":"follow","max-snippet":"max-snippet:-1","max-image-preview":"max-image-preview:large","max-video-preview":"max-video-preview:-1"},"canonical":"https:\/\/pin-up-online-casino.pe\/pt-br\/","og_locale":"pt_BR","og_type":"article","og_title":"Cassino Oficial Pin up on-line | Jogar Pin up Cassino site oficial","og_description":"Pinup casino \u00e9 o site oficial de apostas esportivas no Peru, que inclui duas categorias populares: apostas esportivas e cassino.","og_url":"https:\/\/pin-up-online-casino.pe\/pt-br\/","og_site_name":"Pin up casino","article_modified_time":"2022-11-02T08:50:04+00:00","og_image":[{"url":"https:\/\/pin-up-online-casino.pe\/wp-content\/uploads\/2022\/02\/pu2.jpg"}],"twitter_card":"summary_large_image","twitter_misc":{"Est. tempo de leitura":"6 minutos"},"schema":{"@context":"https:\/\/schema.org","@graph":[{"@type":"WebPage","@id":"https:\/\/pin-up-online-casino.pe\/pt-br\/","url":"https:\/\/pin-up-online-casino.pe\/pt-br\/","name":"Cassino Oficial Pin up on-line | Jogar Pin up Cassino site oficial","isPartOf":{"@id":"https:\/\/pin-up-online-casino.pe\/#website"},"datePublished":"2022-02-10T22:03:46+00:00","dateModified":"2022-11-02T08:50:04+00:00","description":"Pinup casino \u00e9 o site oficial de apostas esportivas no Peru, que inclui duas categorias populares: apostas esportivas e cassino.","breadcrumb":{"@id":"https:\/\/pin-up-online-casino.pe\/pt-br\/#breadcrumb"},"inLanguage":"pt-BR","potentialAction":[{"@type":"ReadAction","target":["https:\/\/pin-up-online-casino.pe\/pt-br\/"]}]},{"@type":"BreadcrumbList","@id":"https:\/\/pin-up-online-casino.pe\/pt-br\/#breadcrumb","itemListElement":[{"@type":"ListItem","position":1,"name":"Portada","item":"https:\/\/pin-up-online-casino.pe\/pt-br\/"},{"@type":"ListItem","position":2,"name":"Pin up Site Oficial do Casino"}]},{"@type":"WebSite","@id":"https:\/\/pin-up-online-casino.pe\/#website","url":"https:\/\/pin-up-online-casino.pe\/","name":"Pin up casino","description":"","publisher":{"@id":"https:\/\/pin-up-online-casino.pe\/#organization"},"potentialAction":[{"@type":"SearchAction","target":{"@type":"EntryPoint","urlTemplate":"https:\/\/pin-up-online-casino.pe\/?s={search_term_string}"},"query-input":"required name=search_term_string"}],"inLanguage":"pt-BR"},{"@type":"Organization","@id":"https:\/\/pin-up-online-casino.pe\/#organization","name":"Pin up casino","url":"https:\/\/pin-up-online-casino.pe\/","sameAs":[],"logo":{"@type":"ImageObject","inLanguage":"pt-BR","@id":"https:\/\/pin-up-online-casino.pe\/#\/schema\/logo\/image\/","url":"https:\/\/pin-up-online-casino.pe\/wp-content\/uploads\/2022\/08\/pin-up-logo.png","contentUrl":"https:\/\/pin-up-online-casino.pe\/wp-content\/uploads\/2022\/08\/pin-up-logo.png","width":320,"height":124,"caption":"Pin up casino"},"image":{"@id":"https:\/\/pin-up-online-casino.pe\/#\/schema\/logo\/image\/"}}]}},"_links":{"self":[{"href":"https:\/\/pin-up-online-casino.pe\/pt-br\/wp-json\/wp\/v2\/pages\/185"}],"collection":[{"href":"https:\/\/pin-up-online-casino.pe\/pt-br\/wp-json\/wp\/v2\/pages"}],"about":[{"href":"https:\/\/pin-up-online-casino.pe\/pt-br\/wp-json\/wp\/v2\/types\/page"}],"author":[{"embeddable":true,"href":"https:\/\/pin-up-online-casino.pe\/pt-br\/wp-json\/wp\/v2\/users\/1"}],"replies":[{"embeddable":true,"href":"https:\/\/pin-up-online-casino.pe\/pt-br\/wp-json\/wp\/v2\/comments?post=185"}],"version-history":[{"count":13,"href":"https:\/\/pin-up-online-casino.pe\/pt-br\/wp-json\/wp\/v2\/pages\/185\/revisions"}],"predecessor-version":[{"id":356,"href":"https:\/\/pin-up-online-casino.pe\/pt-br\/wp-json\/wp\/v2\/pages\/185\/revisions\/356"}],"wp:attachment":[{"href":"https:\/\/pin-up-online-casino.pe\/pt-br\/wp-json\/wp\/v2\/media?parent=185"}],"curies":[{"name":"wp","href":"https:\/\/api.w.org\/{rel}","templated":true}]}}